{"id":3006,"date":"2018-06-05T10:00:57","date_gmt":"2018-06-05T08:00:57","guid":{"rendered":"https:\/\/processingpartners.kinsta.cloud\/chargeback-management\/"},"modified":"2020-04-10T12:25:27","modified_gmt":"2020-04-10T10:25:27","slug":"rueckbuchungsmanagement-2","status":"publish","type":"page","link":"https:\/\/processingpartners.com\/de\/rueckbuchungsmanagement-2\/","title":{"rendered":"R\u00fcckbuchungsmanagement"},"content":{"rendered":"<p><div class=\"fusion-fullwidth fullwidth-box fusion-builder-row-1 nonhundred-percent-fullwidth non-hundred-percent-height-scrolling\" style=\"--awb-background-position:left top;--awb-border-radius-top-left:0px;--awb-border-radius-top-right:0px;--awb-border-radius-bottom-right:0px;--awb-border-radius-bottom-left:0px;--awb-padding-bottom:60px;--awb-margin-top:3%;--awb-margin-bottom:4%;--awb-border-sizes-top:0px;--awb-border-sizes-bottom:0px;--awb-flex-wrap:wrap;\" ><div class=\"fusion-builder-row fusion-row\"><div class=\"fusion-layout-column fusion_builder_column fusion-builder-column-0 fusion_builder_column_2_5 2_5 fusion-two-fifth fusion-column-first fusion-no-small-visibility fusion-no-medium-visibility\" style=\"--awb-padding-right:20px;--awb-padding-bottom:20px;--awb-padding-left:20px;--awb-bg-size:cover;--awb-margin-bottom:40px;width:37.6%; margin-right: 4%;\"><div class=\"fusion-column-wrapper fusion-flex-column-wrapper-legacy\"><div class=\"fusion-fa-align-left\"><i class=\"fb-icon-element-1 fb-icon-element fontawesome-icon fa-exchange-alt fas circle-no\" style=\"--awb-font-size:300px;--awb-margin-right:150px;\"><\/i><\/div><div class=\"fusion-clearfix\"><\/div><\/div><\/div><div class=\"fusion-layout-column fusion_builder_column fusion-builder-column-1 fusion_builder_column_3_5 3_5 fusion-three-fifth fusion-column-last\" style=\"--awb-padding-right:2%;--awb-padding-bottom:2%;--awb-padding-left:2%;--awb-bg-size:cover;width:58.4%;\"><div class=\"fusion-column-wrapper fusion-flex-column-wrapper-legacy\"><div class=\"fusion-column-content-centered\"><div class=\"fusion-column-content\"><div class=\"fusion-text fusion-text-1\"><h2>R\u00fcckbuchungsabgleich und Betrugsmanagement<\/h2>\n<\/div><div class=\"fusion-sep-clear\"><\/div><div class=\"fusion-separator fusion-clearfix\" style=\"float:left;margin-top:0px;margin-bottom:35px;width:100%;max-width:100px;\"><div class=\"fusion-separator-border sep-single sep-solid\" style=\"--awb-height:20px;--awb-amount:20px;--awb-sep-color:#213d65;border-color:#213d65;border-top-width:2px;\"><\/div><\/div><div class=\"fusion-sep-clear\"><\/div><div class=\"fusion-text fusion-text-2\"><p>Unsere H\u00e4ndlerkunden, die im High-Risk-Bereich t\u00e4tig sind, werden erfreut sein zu h\u00f6ren, dass wir einen Service und eine \u00dcberwachung f\u00fcr den R\u00fcckbuchungsabgleich anbieten. Dabei erkennen wir an, dass das Verst\u00e4ndnis dieser Daten essentiell f\u00fcr ein Unternehmen ist und genau deshalb stellen wir Ihnen R\u00fcckbuchungsdaten zur Verf\u00fcgung, indem wir kundenspezifische automatisierte Systeme verwenden.<\/p>\n<p>Die R\u00fcckbuchungsinformationen werden jeden Tag aktualisiert, um sicherzugehen, dass unsere Kunden immer auf dem neusten Stand sind. Das schlie\u00dft auch R\u00fcckbuchungszahlen und -raten unterschiedlicher metrics mit ein \u2013 W\u00e4hrung, card scheme und Daten des Acquirers. Diese Informationen sind \u00fcber unser Kundenberichtssystem zug\u00e4nglich und geben unseren Kunden einen klaren \u00dcberblick dar\u00fcber, wie es um ihre Performance und Stabilit\u00e4t bestellt ist.<\/p>\n<p>Erg\u00e4nzend zum R\u00fcckbuchungsabgleich ist auch das Betrugsberichtswesen \u00fcberaus wichtig f\u00fcr die H\u00e4ndler im High-Risk-Bereich. Processing Partners bietet daher einen Service, der speziell auf Betrugsberichterstattung zugeschnitten ist \u2013 auf Wunsch mit einer Betrugsanalyse, die den H\u00e4ndlern dabei hilft, potentiell problematische Regionen oder Kartenherausgeber zu isolieren, um die Nachhaltigkeit ihrer Gesch\u00e4fte sicherzustellen.<\/p>\n<\/div><\/div><\/div><div class=\"fusion-clearfix\"><\/div><\/div><\/div><\/div><\/div><div class=\"fusion-bg-parallax\" data-bg-align=\"center center\" data-direction=\"up\" data-mute=\"false\" data-opacity=\"100\" data-velocity=\"-0.3\" data-mobile-enabled=\"false\" data-break_parents=\"0\" data-bg-image=\"https:\/\/processingpartners.kinsta.cloud\/wp-content\/uploads\/2018\/02\/ready_to_talk_cta_bg.jpg\" data-bg-repeat=\"false\" ><\/div><div class=\"fusion-fullwidth fullwidth-box fusion-builder-row-2 fusion-flex-container has-pattern-background has-mask-background fusion-parallax-up nonhundred-percent-fullwidth non-hundred-percent-height-scrolling\" style=\"--awb-border-sizes-top:0px;--awb-border-sizes-bottom:0px;--awb-border-sizes-left:0px;--awb-border-sizes-right:0px;--awb-border-radius-top-left:0px;--awb-border-radius-top-right:0px;--awb-border-radius-bottom-right:0px;--awb-border-radius-bottom-left:0px;--awb-padding-top:110px;--awb-padding-bottom:110px;--awb-background-image:url(&quot;https:\/\/processingpartners.kinsta.cloud\/wp-content\/uploads\/2018\/02\/ready_to_talk_cta_bg.jpg&quot;);--awb-background-size:cover;--awb-flex-wrap:wrap;\" ><div class=\"fusion-builder-row fusion-row fusion-flex-align-items-flex-start fusion-flex-justify-content-center fusion-flex-content-wrap\" style=\"max-width:1216.8px;margin-left: calc(-4% \/ 2 );margin-right: calc(-4% \/ 2 );\"><div class=\"fusion-layout-column fusion_builder_column fusion-builder-column-2 fusion_builder_column_2_3 2_3 fusion-flex-column\" style=\"--awb-bg-blend:overlay;--awb-bg-size:cover;--awb-width-large:66.666666666667%;--awb-margin-top-large:3%;--awb-spacing-right-large:2.88%;--awb-margin-bottom-large:3%;--awb-spacing-left-large:2.88%;--awb-width-medium:100%;--awb-spacing-right-medium:1.92%;--awb-spacing-left-medium:1.92%;--awb-width-small:100%;--awb-spacing-right-small:1.92%;--awb-spacing-left-small:1.92%;\"><div class=\"fusion-column-wrapper fusion-flex-justify-content-flex-start fusion-content-layout-column\"><div class=\"fusion-text fusion-text-3\"><h2 style=\"text-align: center; font-size: 72px; color: #ffffff;\">Ready to talk?<\/h2>\n<\/div><div class=\"fusion-text fusion-text-4\"><h4 style=\"text-align: center; color: #9aa2ac; font-size: 22px;\">Interested in risk-free state-of-the-art one-source global payment\u00a0solutions?<\/h4>\n<\/div><div class=\"fusion-separator fusion-full-width-sep\" style=\"align-self: center;margin-left: auto;margin-right: auto;margin-top:20px;width:100%;\"><\/div><div style=\"text-align:center;\"><a class=\"fusion-button button-flat fusion-button-default-size button-default fusion-button-default button-1 fusion-button-default-span fusion-button-default-type\" target=\"_self\" href=\"https:\/\/processingpartners.kinsta.cloud\/de\/kontakt\/#form\"><span class=\"fusion-button-text awb-button__text awb-button__text--default\">Let\u2019s Talk<\/span><\/a><\/div><\/div><\/div><\/div><\/div>\n<\/p>\n","protected":false},"excerpt":{"rendered":"","protected":false},"author":1,"featured_media":0,"parent":0,"menu_order":0,"comment_status":"closed","ping_status":"closed","template":"100-width.php","meta":{"_acf_changed":false,"footnotes":""},"class_list":["post-3006","page","type-page","status-publish","hentry"],"acf":[],"yoast_head":"<!-- This site is optimized with the Yoast SEO plugin v27.4 - https:\/\/yoast.com\/product\/yoast-seo-wordpress\/ -->\n<title>R\u00fcckbuchungsmanagement - Processing Partners<\/title>\n<meta name=\"description\" content=\"Card Scheme thresholds are tightening up! Take advantage of daily chargeback reconciliation, while taking advantage of a dedicated Risk Team.\" \/>\n<meta name=\"robots\" content=\"index, follow, max-snippet:-1, max-image-preview:large, max-video-preview:-1\" \/>\n<link rel=\"canonical\" href=\"https:\/\/processingpartners.com\/de\/rueckbuchungsmanagement-2\/\" \/>\n<meta property=\"og:locale\" content=\"de_DE\" \/>\n<meta property=\"og:type\" content=\"article\" \/>\n<meta property=\"og:title\" content=\"R\u00fcckbuchungsmanagement - Processing Partners\" \/>\n<meta property=\"og:description\" content=\"Card Scheme thresholds are tightening up! Take advantage of daily chargeback reconciliation, while taking advantage of a dedicated Risk Team.\" \/>\n<meta property=\"og:url\" content=\"https:\/\/processingpartners.com\/de\/rueckbuchungsmanagement-2\/\" \/>\n<meta property=\"og:site_name\" content=\"Processing Partners\" \/>\n<meta property=\"article:publisher\" content=\"https:\/\/www.facebook.com\/processingpartners\/\" \/>\n<meta property=\"article:modified_time\" content=\"2020-04-10T10:25:27+00:00\" \/>\n<meta name=\"twitter:card\" content=\"summary_large_image\" \/>\n<meta name=\"twitter:label1\" content=\"Gesch\u00e4tzte Lesezeit\" \/>\n\t<meta name=\"twitter:data1\" content=\"3\u00a0Minuten\" \/>\n<script type=\"application\/ld+json\" class=\"yoast-schema-graph\">{\"@context\":\"https:\\\/\\\/schema.org\",\"@graph\":[{\"@type\":\"WebPage\",\"@id\":\"https:\\\/\\\/processingpartners.com\\\/de\\\/rueckbuchungsmanagement-2\\\/\",\"url\":\"https:\\\/\\\/processingpartners.com\\\/de\\\/rueckbuchungsmanagement-2\\\/\",\"name\":\"R\u00fcckbuchungsmanagement - Processing Partners\",\"isPartOf\":{\"@id\":\"https:\\\/\\\/processingpartners.com\\\/de\\\/#website\"},\"datePublished\":\"2018-06-05T08:00:57+00:00\",\"dateModified\":\"2020-04-10T10:25:27+00:00\",\"description\":\"Card Scheme thresholds are tightening up! Take advantage of daily chargeback reconciliation, while taking advantage of a dedicated Risk Team.\",\"breadcrumb\":{\"@id\":\"https:\\\/\\\/processingpartners.com\\\/de\\\/rueckbuchungsmanagement-2\\\/#breadcrumb\"},\"inLanguage\":\"de\",\"potentialAction\":[{\"@type\":\"ReadAction\",\"target\":[\"https:\\\/\\\/processingpartners.com\\\/de\\\/rueckbuchungsmanagement-2\\\/\"]}]},{\"@type\":\"BreadcrumbList\",\"@id\":\"https:\\\/\\\/processingpartners.com\\\/de\\\/rueckbuchungsmanagement-2\\\/#breadcrumb\",\"itemListElement\":[{\"@type\":\"ListItem\",\"position\":1,\"name\":\"Startseite\",\"item\":\"https:\\\/\\\/processingpartners.com\\\/de\\\/\"},{\"@type\":\"ListItem\",\"position\":2,\"name\":\"R\u00fcckbuchungsmanagement\"}]},{\"@type\":\"WebSite\",\"@id\":\"https:\\\/\\\/processingpartners.com\\\/de\\\/#website\",\"url\":\"https:\\\/\\\/processingpartners.com\\\/de\\\/\",\"name\":\"Processing Partners\",\"description\":\"\",\"publisher\":{\"@id\":\"https:\\\/\\\/processingpartners.com\\\/de\\\/#organization\"},\"potentialAction\":[{\"@type\":\"SearchAction\",\"target\":{\"@type\":\"EntryPoint\",\"urlTemplate\":\"https:\\\/\\\/processingpartners.com\\\/de\\\/?s={search_term_string}\"},\"query-input\":{\"@type\":\"PropertyValueSpecification\",\"valueRequired\":true,\"valueName\":\"search_term_string\"}}],\"inLanguage\":\"de\"},{\"@type\":\"Organization\",\"@id\":\"https:\\\/\\\/processingpartners.com\\\/de\\\/#organization\",\"name\":\"Processing Partners Inc.\",\"url\":\"https:\\\/\\\/processingpartners.com\\\/de\\\/\",\"logo\":{\"@type\":\"ImageObject\",\"inLanguage\":\"de\",\"@id\":\"https:\\\/\\\/processingpartners.com\\\/de\\\/#\\\/schema\\\/logo\\\/image\\\/\",\"url\":\"https:\\\/\\\/processingpartners.kinsta.cloud\\\/wp-content\\\/uploads\\\/2023\\\/09\\\/processing-partners-logo.svg\",\"contentUrl\":\"https:\\\/\\\/processingpartners.kinsta.cloud\\\/wp-content\\\/uploads\\\/2023\\\/09\\\/processing-partners-logo.svg\",\"width\":296,\"height\":58,\"caption\":\"Processing Partners Inc.\"},\"image\":{\"@id\":\"https:\\\/\\\/processingpartners.com\\\/de\\\/#\\\/schema\\\/logo\\\/image\\\/\"},\"sameAs\":[\"https:\\\/\\\/www.facebook.com\\\/processingpartners\\\/\"]}]}<\/script>\n<!-- \/ Yoast SEO plugin. -->","yoast_head_json":{"title":"R\u00fcckbuchungsmanagement - Processing Partners","description":"Card Scheme thresholds are tightening up! Take advantage of daily chargeback reconciliation, while taking advantage of a dedicated Risk Team.","robots":{"index":"index","follow":"follow","max-snippet":"max-snippet:-1","max-image-preview":"max-image-preview:large","max-video-preview":"max-video-preview:-1"},"canonical":"https:\/\/processingpartners.com\/de\/rueckbuchungsmanagement-2\/","og_locale":"de_DE","og_type":"article","og_title":"R\u00fcckbuchungsmanagement - Processing Partners","og_description":"Card Scheme thresholds are tightening up! Take advantage of daily chargeback reconciliation, while taking advantage of a dedicated Risk Team.","og_url":"https:\/\/processingpartners.com\/de\/rueckbuchungsmanagement-2\/","og_site_name":"Processing Partners","article_publisher":"https:\/\/www.facebook.com\/processingpartners\/","article_modified_time":"2020-04-10T10:25:27+00:00","twitter_card":"summary_large_image","twitter_misc":{"Gesch\u00e4tzte Lesezeit":"3\u00a0Minuten"},"schema":{"@context":"https:\/\/schema.org","@graph":[{"@type":"WebPage","@id":"https:\/\/processingpartners.com\/de\/rueckbuchungsmanagement-2\/","url":"https:\/\/processingpartners.com\/de\/rueckbuchungsmanagement-2\/","name":"R\u00fcckbuchungsmanagement - Processing Partners","isPartOf":{"@id":"https:\/\/processingpartners.com\/de\/#website"},"datePublished":"2018-06-05T08:00:57+00:00","dateModified":"2020-04-10T10:25:27+00:00","description":"Card Scheme thresholds are tightening up! Take advantage of daily chargeback reconciliation, while taking advantage of a dedicated Risk Team.","breadcrumb":{"@id":"https:\/\/processingpartners.com\/de\/rueckbuchungsmanagement-2\/#breadcrumb"},"inLanguage":"de","potentialAction":[{"@type":"ReadAction","target":["https:\/\/processingpartners.com\/de\/rueckbuchungsmanagement-2\/"]}]},{"@type":"BreadcrumbList","@id":"https:\/\/processingpartners.com\/de\/rueckbuchungsmanagement-2\/#breadcrumb","itemListElement":[{"@type":"ListItem","position":1,"name":"Startseite","item":"https:\/\/processingpartners.com\/de\/"},{"@type":"ListItem","position":2,"name":"R\u00fcckbuchungsmanagement"}]},{"@type":"WebSite","@id":"https:\/\/processingpartners.com\/de\/#website","url":"https:\/\/processingpartners.com\/de\/","name":"Processing Partners","description":"","publisher":{"@id":"https:\/\/processingpartners.com\/de\/#organization"},"potentialAction":[{"@type":"SearchAction","target":{"@type":"EntryPoint","urlTemplate":"https:\/\/processingpartners.com\/de\/?s={search_term_string}"},"query-input":{"@type":"PropertyValueSpecification","valueRequired":true,"valueName":"search_term_string"}}],"inLanguage":"de"},{"@type":"Organization","@id":"https:\/\/processingpartners.com\/de\/#organization","name":"Processing Partners Inc.","url":"https:\/\/processingpartners.com\/de\/","logo":{"@type":"ImageObject","inLanguage":"de","@id":"https:\/\/processingpartners.com\/de\/#\/schema\/logo\/image\/","url":"https:\/\/processingpartners.kinsta.cloud\/wp-content\/uploads\/2023\/09\/processing-partners-logo.svg","contentUrl":"https:\/\/processingpartners.kinsta.cloud\/wp-content\/uploads\/2023\/09\/processing-partners-logo.svg","width":296,"height":58,"caption":"Processing Partners Inc."},"image":{"@id":"https:\/\/processingpartners.com\/de\/#\/schema\/logo\/image\/"},"sameAs":["https:\/\/www.facebook.com\/processingpartners\/"]}]}},"_links":{"self":[{"href":"https:\/\/processingpartners.com\/de\/wp-json\/wp\/v2\/pages\/3006","targetHints":{"allow":["GET"]}}],"collection":[{"href":"https:\/\/processingpartners.com\/de\/wp-json\/wp\/v2\/pages"}],"about":[{"href":"https:\/\/processingpartners.com\/de\/wp-json\/wp\/v2\/types\/page"}],"author":[{"embeddable":true,"href":"https:\/\/processingpartners.com\/de\/wp-json\/wp\/v2\/users\/1"}],"replies":[{"embeddable":true,"href":"https:\/\/processingpartners.com\/de\/wp-json\/wp\/v2\/comments?post=3006"}],"version-history":[{"count":3,"href":"https:\/\/processingpartners.com\/de\/wp-json\/wp\/v2\/pages\/3006\/revisions"}],"predecessor-version":[{"id":3009,"href":"https:\/\/processingpartners.com\/de\/wp-json\/wp\/v2\/pages\/3006\/revisions\/3009"}],"wp:attachment":[{"href":"https:\/\/processingpartners.com\/de\/wp-json\/wp\/v2\/media?parent=3006"}],"curies":[{"name":"wp","href":"https:\/\/api.w.org\/{rel}","templated":true}]}}