{"id":2998,"date":"2018-06-05T09:58:13","date_gmt":"2018-06-05T07:58:13","guid":{"rendered":"https:\/\/processingpartners.kinsta.cloud\/pre-paid-card-issuing\/"},"modified":"2020-06-08T17:46:43","modified_gmt":"2020-06-08T15:46:43","slug":"pre-paid-loesungen","status":"publish","type":"page","link":"https:\/\/processingpartners.com\/de\/pre-paid-loesungen\/","title":{"rendered":"Pre-Paid-L\u00f6sungen"},"content":{"rendered":"<p><div class=\"fusion-fullwidth fullwidth-box fusion-builder-row-1 nonhundred-percent-fullwidth non-hundred-percent-height-scrolling\" style=\"--awb-background-position:left top;--awb-border-radius-top-left:0px;--awb-border-radius-top-right:0px;--awb-border-radius-bottom-right:0px;--awb-border-radius-bottom-left:0px;--awb-padding-bottom:60px;--awb-margin-top:3%;--awb-margin-bottom:4%;--awb-border-sizes-top:0px;--awb-border-sizes-bottom:0px;--awb-flex-wrap:wrap;\" ><div class=\"fusion-builder-row fusion-row\"><div class=\"fusion-layout-column fusion_builder_column fusion-builder-column-0 fusion_builder_column_2_5 2_5 fusion-two-fifth fusion-column-first fusion-no-small-visibility fusion-no-medium-visibility\" style=\"--awb-padding-right:20px;--awb-padding-bottom:20px;--awb-padding-left:20px;--awb-bg-size:cover;--awb-margin-bottom:40px;width:37.6%; margin-right: 4%;\"><div class=\"fusion-column-wrapper fusion-flex-column-wrapper-legacy\"><div class=\"fusion-fa-align-left\"><i class=\"fb-icon-element-1 fb-icon-element fontawesome-icon fa-credit-card far circle-no\" style=\"--awb-font-size:300px;--awb-margin-right:150px;\"><\/i><\/div><div class=\"fusion-clearfix\"><\/div><\/div><\/div><div class=\"fusion-layout-column fusion_builder_column fusion-builder-column-1 fusion_builder_column_3_5 3_5 fusion-three-fifth fusion-column-last\" style=\"--awb-padding-right:2%;--awb-padding-bottom:2%;--awb-padding-left:2%;--awb-bg-size:cover;width:58.4%;\"><div class=\"fusion-column-wrapper fusion-flex-column-wrapper-legacy\"><div class=\"fusion-column-content-centered\"><div class=\"fusion-column-content\"><div class=\"fusion-text fusion-text-1\"><h2>Bezahlen Sie Ihre Affiliates und Content Provider in Echtzeit<\/h2>\n<\/div><div class=\"fusion-sep-clear\"><\/div><div class=\"fusion-separator fusion-clearfix\" style=\"float:left;margin-top:0px;margin-bottom:35px;width:100%;max-width:100px;\"><div class=\"fusion-separator-border sep-single sep-solid\" style=\"--awb-height:20px;--awb-amount:20px;--awb-sep-color:#213d65;border-color:#213d65;border-top-width:2px;\"><\/div><\/div><div class=\"fusion-sep-clear\"><\/div><div class=\"fusion-text fusion-text-2\"><p>Angestellte mit Bargeld oder Scheck zu bezahlen, kann teuer und unpraktisch sein, vor allem, wenn die jeweiligen Personen keine Bankkonten oder Sie als Unternehmen selbst eine hohe Mitarbeiterfluktuation haben. Processing Partners bietet Ihnen eine sichere Mastercard Pre-Paid-L\u00f6sung. Diese L\u00f6sung unterst\u00fctzt jeden H\u00e4ndler dabei, Angestellte und Affiliates auf eine zeitsparende Art f\u00fcr ihre Leistungen zu bezahlen \u2013 und das zu stark reduzierten Kosten verglichen zu einer herk\u00f6mmlichen Banktransaktion. Wir bieten also eine flexible Mastercard Pre-Paid-L\u00f6sung, die es Ihnen erm\u00f6glicht, Geld und Mittel bei der Lohnabrechnungsabwicklung f\u00fcr Angestellte und Affiliates zu sparen.<\/p>\n<p>Hier k\u00f6nnen Sie mehr dar\u00fcber erfahren: <a href=\"https:\/\/www.emoneyflow.com\/\" target=\"_blank\" rel=\"noopener noreferrer\">eMoneyFlow.com<\/a><\/p>\n<\/div><\/div><\/div><div class=\"fusion-clearfix\"><\/div><\/div><\/div><\/div><\/div><div class=\"fusion-bg-parallax\" data-bg-align=\"center center\" data-direction=\"up\" data-mute=\"false\" data-opacity=\"100\" data-velocity=\"-0.3\" data-mobile-enabled=\"false\" data-break_parents=\"0\" data-bg-image=\"https:\/\/processingpartners.kinsta.cloud\/wp-content\/uploads\/2018\/02\/ready_to_talk_cta_bg.jpg\" data-bg-repeat=\"false\" ><\/div><div class=\"fusion-fullwidth fullwidth-box fusion-builder-row-2 fusion-flex-container has-pattern-background has-mask-background fusion-parallax-up nonhundred-percent-fullwidth non-hundred-percent-height-scrolling\" style=\"--awb-border-sizes-top:0px;--awb-border-sizes-bottom:0px;--awb-border-sizes-left:0px;--awb-border-sizes-right:0px;--awb-border-radius-top-left:0px;--awb-border-radius-top-right:0px;--awb-border-radius-bottom-right:0px;--awb-border-radius-bottom-left:0px;--awb-padding-top:110px;--awb-padding-bottom:110px;--awb-background-image:url(&quot;https:\/\/processingpartners.kinsta.cloud\/wp-content\/uploads\/2018\/02\/ready_to_talk_cta_bg.jpg&quot;);--awb-background-size:cover;--awb-flex-wrap:wrap;\" ><div class=\"fusion-builder-row fusion-row fusion-flex-align-items-flex-start fusion-flex-justify-content-center fusion-flex-content-wrap\" style=\"max-width:1216.8px;margin-left: calc(-4% \/ 2 );margin-right: calc(-4% \/ 2 );\"><div class=\"fusion-layout-column fusion_builder_column fusion-builder-column-2 fusion_builder_column_2_3 2_3 fusion-flex-column\" style=\"--awb-bg-blend:overlay;--awb-bg-size:cover;--awb-width-large:66.666666666667%;--awb-margin-top-large:3%;--awb-spacing-right-large:2.88%;--awb-margin-bottom-large:3%;--awb-spacing-left-large:2.88%;--awb-width-medium:100%;--awb-spacing-right-medium:1.92%;--awb-spacing-left-medium:1.92%;--awb-width-small:100%;--awb-spacing-right-small:1.92%;--awb-spacing-left-small:1.92%;\"><div class=\"fusion-column-wrapper fusion-flex-justify-content-flex-start fusion-content-layout-column\"><div class=\"fusion-text fusion-text-3\"><h2 style=\"text-align: center; font-size: 72px; color: #ffffff;\">Ready to talk?<\/h2>\n<\/div><div class=\"fusion-text fusion-text-4\"><h4 style=\"text-align: center; color: #9aa2ac; font-size: 22px;\">Interested in risk-free state-of-the-art one-source global payment\u00a0solutions?<\/h4>\n<\/div><div class=\"fusion-separator fusion-full-width-sep\" style=\"align-self: center;margin-left: auto;margin-right: auto;margin-top:20px;width:100%;\"><\/div><div style=\"text-align:center;\"><a class=\"fusion-button button-flat fusion-button-default-size button-default fusion-button-default button-1 fusion-button-default-span fusion-button-default-type\" target=\"_self\" href=\"https:\/\/processingpartners.kinsta.cloud\/de\/kontakt\/#form\"><span class=\"fusion-button-text awb-button__text awb-button__text--default\">Let\u2019s Talk<\/span><\/a><\/div><\/div><\/div><\/div><\/div>\n<\/p>\n","protected":false},"excerpt":{"rendered":"","protected":false},"author":1,"featured_media":0,"parent":0,"menu_order":0,"comment_status":"closed","ping_status":"closed","template":"100-width.php","meta":{"_acf_changed":false,"footnotes":""},"class_list":["post-2998","page","type-page","status-publish","hentry"],"acf":[],"yoast_head":"<!-- This site is optimized with the Yoast SEO plugin v27.4 - https:\/\/yoast.com\/product\/yoast-seo-wordpress\/ -->\n<title>Pre-Paid-L\u00f6sungen - Processing Partners<\/title>\n<meta name=\"description\" content=\"Pay your affiliates and marketers in real-time! Take advantage of our affiliate payout manager and contact us about our pre-paid card issuing services.\" \/>\n<meta name=\"robots\" content=\"index, follow, max-snippet:-1, max-image-preview:large, max-video-preview:-1\" \/>\n<link rel=\"canonical\" href=\"https:\/\/processingpartners.com\/de\/pre-paid-loesungen\/\" \/>\n<meta property=\"og:locale\" content=\"de_DE\" \/>\n<meta property=\"og:type\" content=\"article\" \/>\n<meta property=\"og:title\" content=\"Pre-Paid-L\u00f6sungen - Processing Partners\" \/>\n<meta property=\"og:description\" content=\"Pay your affiliates and marketers in real-time! Take advantage of our affiliate payout manager and contact us about our pre-paid card issuing services.\" \/>\n<meta property=\"og:url\" content=\"https:\/\/processingpartners.com\/de\/pre-paid-loesungen\/\" \/>\n<meta property=\"og:site_name\" content=\"Processing Partners\" \/>\n<meta property=\"article:publisher\" content=\"https:\/\/www.facebook.com\/processingpartners\/\" \/>\n<meta property=\"article:modified_time\" content=\"2020-06-08T15:46:43+00:00\" \/>\n<meta name=\"twitter:card\" content=\"summary_large_image\" \/>\n<meta name=\"twitter:label1\" content=\"Gesch\u00e4tzte Lesezeit\" \/>\n\t<meta name=\"twitter:data1\" content=\"3\u00a0Minuten\" \/>\n<script type=\"application\/ld+json\" class=\"yoast-schema-graph\">{\"@context\":\"https:\\\/\\\/schema.org\",\"@graph\":[{\"@type\":\"WebPage\",\"@id\":\"https:\\\/\\\/processingpartners.com\\\/de\\\/pre-paid-loesungen\\\/\",\"url\":\"https:\\\/\\\/processingpartners.com\\\/de\\\/pre-paid-loesungen\\\/\",\"name\":\"Pre-Paid-L\u00f6sungen - Processing Partners\",\"isPartOf\":{\"@id\":\"https:\\\/\\\/processingpartners.com\\\/de\\\/#website\"},\"datePublished\":\"2018-06-05T07:58:13+00:00\",\"dateModified\":\"2020-06-08T15:46:43+00:00\",\"description\":\"Pay your affiliates and marketers in real-time! Take advantage of our affiliate payout manager and contact us about our pre-paid card issuing services.\",\"breadcrumb\":{\"@id\":\"https:\\\/\\\/processingpartners.com\\\/de\\\/pre-paid-loesungen\\\/#breadcrumb\"},\"inLanguage\":\"de\",\"potentialAction\":[{\"@type\":\"ReadAction\",\"target\":[\"https:\\\/\\\/processingpartners.com\\\/de\\\/pre-paid-loesungen\\\/\"]}]},{\"@type\":\"BreadcrumbList\",\"@id\":\"https:\\\/\\\/processingpartners.com\\\/de\\\/pre-paid-loesungen\\\/#breadcrumb\",\"itemListElement\":[{\"@type\":\"ListItem\",\"position\":1,\"name\":\"Startseite\",\"item\":\"https:\\\/\\\/processingpartners.com\\\/de\\\/\"},{\"@type\":\"ListItem\",\"position\":2,\"name\":\"Pre-Paid-L\u00f6sungen\"}]},{\"@type\":\"WebSite\",\"@id\":\"https:\\\/\\\/processingpartners.com\\\/de\\\/#website\",\"url\":\"https:\\\/\\\/processingpartners.com\\\/de\\\/\",\"name\":\"Processing Partners\",\"description\":\"\",\"publisher\":{\"@id\":\"https:\\\/\\\/processingpartners.com\\\/de\\\/#organization\"},\"potentialAction\":[{\"@type\":\"SearchAction\",\"target\":{\"@type\":\"EntryPoint\",\"urlTemplate\":\"https:\\\/\\\/processingpartners.com\\\/de\\\/?s={search_term_string}\"},\"query-input\":{\"@type\":\"PropertyValueSpecification\",\"valueRequired\":true,\"valueName\":\"search_term_string\"}}],\"inLanguage\":\"de\"},{\"@type\":\"Organization\",\"@id\":\"https:\\\/\\\/processingpartners.com\\\/de\\\/#organization\",\"name\":\"Processing Partners Inc.\",\"url\":\"https:\\\/\\\/processingpartners.com\\\/de\\\/\",\"logo\":{\"@type\":\"ImageObject\",\"inLanguage\":\"de\",\"@id\":\"https:\\\/\\\/processingpartners.com\\\/de\\\/#\\\/schema\\\/logo\\\/image\\\/\",\"url\":\"https:\\\/\\\/processingpartners.kinsta.cloud\\\/wp-content\\\/uploads\\\/2023\\\/09\\\/processing-partners-logo.svg\",\"contentUrl\":\"https:\\\/\\\/processingpartners.kinsta.cloud\\\/wp-content\\\/uploads\\\/2023\\\/09\\\/processing-partners-logo.svg\",\"width\":296,\"height\":58,\"caption\":\"Processing Partners Inc.\"},\"image\":{\"@id\":\"https:\\\/\\\/processingpartners.com\\\/de\\\/#\\\/schema\\\/logo\\\/image\\\/\"},\"sameAs\":[\"https:\\\/\\\/www.facebook.com\\\/processingpartners\\\/\"]}]}<\/script>\n<!-- \/ Yoast SEO plugin. -->","yoast_head_json":{"title":"Pre-Paid-L\u00f6sungen - Processing Partners","description":"Pay your affiliates and marketers in real-time! Take advantage of our affiliate payout manager and contact us about our pre-paid card issuing services.","robots":{"index":"index","follow":"follow","max-snippet":"max-snippet:-1","max-image-preview":"max-image-preview:large","max-video-preview":"max-video-preview:-1"},"canonical":"https:\/\/processingpartners.com\/de\/pre-paid-loesungen\/","og_locale":"de_DE","og_type":"article","og_title":"Pre-Paid-L\u00f6sungen - Processing Partners","og_description":"Pay your affiliates and marketers in real-time! Take advantage of our affiliate payout manager and contact us about our pre-paid card issuing services.","og_url":"https:\/\/processingpartners.com\/de\/pre-paid-loesungen\/","og_site_name":"Processing Partners","article_publisher":"https:\/\/www.facebook.com\/processingpartners\/","article_modified_time":"2020-06-08T15:46:43+00:00","twitter_card":"summary_large_image","twitter_misc":{"Gesch\u00e4tzte Lesezeit":"3\u00a0Minuten"},"schema":{"@context":"https:\/\/schema.org","@graph":[{"@type":"WebPage","@id":"https:\/\/processingpartners.com\/de\/pre-paid-loesungen\/","url":"https:\/\/processingpartners.com\/de\/pre-paid-loesungen\/","name":"Pre-Paid-L\u00f6sungen - Processing Partners","isPartOf":{"@id":"https:\/\/processingpartners.com\/de\/#website"},"datePublished":"2018-06-05T07:58:13+00:00","dateModified":"2020-06-08T15:46:43+00:00","description":"Pay your affiliates and marketers in real-time! Take advantage of our affiliate payout manager and contact us about our pre-paid card issuing services.","breadcrumb":{"@id":"https:\/\/processingpartners.com\/de\/pre-paid-loesungen\/#breadcrumb"},"inLanguage":"de","potentialAction":[{"@type":"ReadAction","target":["https:\/\/processingpartners.com\/de\/pre-paid-loesungen\/"]}]},{"@type":"BreadcrumbList","@id":"https:\/\/processingpartners.com\/de\/pre-paid-loesungen\/#breadcrumb","itemListElement":[{"@type":"ListItem","position":1,"name":"Startseite","item":"https:\/\/processingpartners.com\/de\/"},{"@type":"ListItem","position":2,"name":"Pre-Paid-L\u00f6sungen"}]},{"@type":"WebSite","@id":"https:\/\/processingpartners.com\/de\/#website","url":"https:\/\/processingpartners.com\/de\/","name":"Processing Partners","description":"","publisher":{"@id":"https:\/\/processingpartners.com\/de\/#organization"},"potentialAction":[{"@type":"SearchAction","target":{"@type":"EntryPoint","urlTemplate":"https:\/\/processingpartners.com\/de\/?s={search_term_string}"},"query-input":{"@type":"PropertyValueSpecification","valueRequired":true,"valueName":"search_term_string"}}],"inLanguage":"de"},{"@type":"Organization","@id":"https:\/\/processingpartners.com\/de\/#organization","name":"Processing Partners Inc.","url":"https:\/\/processingpartners.com\/de\/","logo":{"@type":"ImageObject","inLanguage":"de","@id":"https:\/\/processingpartners.com\/de\/#\/schema\/logo\/image\/","url":"https:\/\/processingpartners.kinsta.cloud\/wp-content\/uploads\/2023\/09\/processing-partners-logo.svg","contentUrl":"https:\/\/processingpartners.kinsta.cloud\/wp-content\/uploads\/2023\/09\/processing-partners-logo.svg","width":296,"height":58,"caption":"Processing Partners Inc."},"image":{"@id":"https:\/\/processingpartners.com\/de\/#\/schema\/logo\/image\/"},"sameAs":["https:\/\/www.facebook.com\/processingpartners\/"]}]}},"_links":{"self":[{"href":"https:\/\/processingpartners.com\/de\/wp-json\/wp\/v2\/pages\/2998","targetHints":{"allow":["GET"]}}],"collection":[{"href":"https:\/\/processingpartners.com\/de\/wp-json\/wp\/v2\/pages"}],"about":[{"href":"https:\/\/processingpartners.com\/de\/wp-json\/wp\/v2\/types\/page"}],"author":[{"embeddable":true,"href":"https:\/\/processingpartners.com\/de\/wp-json\/wp\/v2\/users\/1"}],"replies":[{"embeddable":true,"href":"https:\/\/processingpartners.com\/de\/wp-json\/wp\/v2\/comments?post=2998"}],"version-history":[{"count":4,"href":"https:\/\/processingpartners.com\/de\/wp-json\/wp\/v2\/pages\/2998\/revisions"}],"predecessor-version":[{"id":3176,"href":"https:\/\/processingpartners.com\/de\/wp-json\/wp\/v2\/pages\/2998\/revisions\/3176"}],"wp:attachment":[{"href":"https:\/\/processingpartners.com\/de\/wp-json\/wp\/v2\/media?parent=2998"}],"curies":[{"name":"wp","href":"https:\/\/api.w.org\/{rel}","templated":true}]}}