{"id":2978,"date":"2018-01-05T14:52:23","date_gmt":"2018-01-05T13:52:23","guid":{"rendered":"https:\/\/processingpartners.kinsta.cloud\/international-merchant-accounts\/"},"modified":"2020-04-10T10:48:36","modified_gmt":"2020-04-10T08:48:36","slug":"internationale-haendler-accounts","status":"publish","type":"page","link":"https:\/\/processingpartners.com\/de\/internationale-haendler-accounts\/","title":{"rendered":"Internationale H\u00e4ndler-Accounts"},"content":{"rendered":"<p><div class=\"fusion-fullwidth fullwidth-box fusion-builder-row-1 nonhundred-percent-fullwidth non-hundred-percent-height-scrolling\" style=\"--awb-background-position:left top;--awb-border-radius-top-left:0px;--awb-border-radius-top-right:0px;--awb-border-radius-bottom-right:0px;--awb-border-radius-bottom-left:0px;--awb-padding-bottom:60px;--awb-margin-top:3%;--awb-margin-bottom:4%;--awb-border-sizes-top:0px;--awb-border-sizes-bottom:0px;--awb-flex-wrap:wrap;\" ><div class=\"fusion-builder-row fusion-row\"><div class=\"fusion-layout-column fusion_builder_column fusion-builder-column-0 fusion_builder_column_2_5 2_5 fusion-two-fifth fusion-column-first fusion-no-small-visibility fusion-no-medium-visibility\" style=\"--awb-padding-right:20px;--awb-padding-bottom:20px;--awb-padding-left:20px;--awb-bg-size:cover;--awb-margin-bottom:40px;width:37.6%; margin-right: 4%;\"><div class=\"fusion-column-wrapper fusion-flex-column-wrapper-legacy\"><div class=\"fusion-fa-align-left\"><i class=\"fb-icon-element-1 fb-icon-element fontawesome-icon fa-university fas circle-no\" style=\"--awb-font-size:300px;--awb-margin-right:150px;\"><\/i><\/div><div class=\"fusion-clearfix\"><\/div><\/div><\/div><div class=\"fusion-layout-column fusion_builder_column fusion-builder-column-1 fusion_builder_column_3_5 3_5 fusion-three-fifth fusion-column-last\" style=\"--awb-padding-right:2%;--awb-padding-bottom:2%;--awb-padding-left:2%;--awb-bg-size:cover;width:58.4%;\"><div class=\"fusion-column-wrapper fusion-flex-column-wrapper-legacy\"><div class=\"fusion-column-content-centered\"><div class=\"fusion-column-content\"><div class=\"fusion-text fusion-text-1\"><h2>Starke Gesch\u00e4ftsbeziehungen mit Bank Acquiring Partnern<\/h2>\n<\/div><div class=\"fusion-sep-clear\"><\/div><div class=\"fusion-separator fusion-clearfix\" style=\"float:left;margin-top:0px;margin-bottom:35px;width:100%;max-width:100px;\"><div class=\"fusion-separator-border sep-single sep-solid\" style=\"--awb-height:20px;--awb-amount:20px;--awb-sep-color:#213d65;border-color:#213d65;border-top-width:2px;\"><\/div><\/div><div class=\"fusion-sep-clear\"><\/div><div class=\"fusion-text fusion-text-2\"><p>Schon vor \u00fcber einer Dekade hat Processing Partners damit begonnen, starke Gesch\u00e4ftsbeziehungen zu Bank Acquiring Partnern in der ganzen Welt aufzubauen. Dadurch k\u00f6nnen wir Ihnen auch direkte H\u00e4ndler-Accounts mit angesehenen Bank Acquirern auf nationaler und internationaler Ebene anbieten. Eine einzige API-Integration verbindet unsere Kunden mit mehr als 400 Bank Acquirern weltweit. Multi-W\u00e4hrung-H\u00e4ndler-Accounts erm\u00f6glichen es unseren Kunden, von vorteilhaften Wechselkursen zu profitieren, w\u00e4hrend sie ihre Gesch\u00e4fte auf internationale M\u00e4rkte ausweiten. Gleichzeitig werden hohe Akzeptanzraten abgesichert, indem hoch entwickelte und auf Geo-IP basierende Weight Dispatchers Tools angewendet werden, wenn es um Gesch\u00e4fte mit einem internationalen Kundenstamm geht.<\/p>\n<p>Processing Partners bietet direkte H\u00e4ndler-Accounts weltweit. Unsere Kunden sind in der Lage, ihre eigene H\u00e4ndler-ID (Merchant Identification Number = MID) mit einem pers\u00f6nlichen Rechnungsdeskriptor zu erwerben \u2013 \u00fcber unterschiedliche Bank Acquirer.<\/p>\n<p>Profitieren Sie also von den Features wie der Multi-W\u00e4hrung-Zahlungsabwicklung und bewerten Sie Ihren H\u00e4ndler-Account auf der Basis von erreichten Akzeptanzraten f\u00fcr unterschiedliche Geo-IP-Zust\u00e4ndigkeiten. Die Abrechnungszahlungen der H\u00e4ndler-Accounts werden am Ende direkt den entsprechenden Bankabrechnungskonten gutgeschrieben.<\/p>\n<\/div><\/div><\/div><div class=\"fusion-clearfix\"><\/div><\/div><\/div><\/div><\/div><div class=\"fusion-fullwidth fullwidth-box fusion-builder-row-2 hundred-percent-fullwidth non-hundred-percent-height-scrolling\" style=\"--awb-border-radius-top-left:0px;--awb-border-radius-top-right:0px;--awb-border-radius-bottom-right:0px;--awb-border-radius-bottom-left:0px;--awb-background-color:#f9f9f9;--awb-flex-wrap:wrap;\" ><div class=\"fusion-builder-row fusion-row\"><div class=\"fusion-layout-column fusion_builder_column fusion-builder-column-2 fusion_builder_column_1_5 1_5 fusion-one-fifth fusion-column-first\" style=\"--awb-padding-top:14%;--awb-padding-right:14%;--awb-padding-bottom:7%;--awb-padding-left:14%;--awb-bg-size:cover;--awb-margin-bottom:0px;width:20%;width:calc(20% - ( ( 0px + 0px ) * 0.2 ) );margin-right: 0px;\"><div class=\"fusion-column-wrapper fusion-flex-column-wrapper-legacy\"><div class=\"fusion-sep-clear\"><\/div><div class=\"fusion-separator fusion-full-width-sep\" style=\"margin-left: auto;margin-right: auto;margin-top:10px;width:100%;\"><\/div><div class=\"fusion-sep-clear\"><\/div><div class=\"fusion-text fusion-text-3\"><h3>Features und Vorteile von internationalen H\u00e4ndler-Accounts auf einen Blick:<\/h3>\n<\/div><div class=\"fusion-clearfix\"><\/div><\/div><\/div><div class=\"fusion-layout-column fusion_builder_column fusion-builder-column-3 fusion_builder_column_2_5 2_5 fusion-two-fifth\" style=\"--awb-padding-top:7%;--awb-padding-right:14%;--awb-padding-bottom:7%;--awb-padding-left:14%;--awb-bg-size:cover;--awb-margin-bottom:0px;width:40%;width:calc(40% - ( ( 0px + 0px ) * 0.4 ) );margin-right: 0px;\"><div class=\"fusion-column-wrapper fusion-flex-column-wrapper-legacy\"><ul style=\"--awb-line-height:28.9px;--awb-icon-width:28.9px;--awb-icon-height:28.9px;--awb-icon-margin:11.9px;--awb-content-margin:40.8px;\" class=\"fusion-checklist fusion-checklist-1 fusion-checklist-default type-icons\"><li class=\"fusion-li-item\" style=\"\"><span class=\"icon-wrapper circle-no\"><i class=\"fusion-li-icon awb-icon-check\" aria-hidden=\"true\"><\/i><\/span><div class=\"fusion-li-item-content\">\n<p>Multi-W\u00e4hrung-Zahlungsabwicklung<\/p>\n<\/div><\/li><li class=\"fusion-li-item\" style=\"\"><span class=\"icon-wrapper circle-no\"><i class=\"fusion-li-icon awb-icon-check\" aria-hidden=\"true\"><\/i><\/span><div class=\"fusion-li-item-content\">\n<p>W\u00f6chentliche Auszahlungen<\/p>\n<\/div><\/li><li class=\"fusion-li-item\" style=\"\"><span class=\"icon-wrapper circle-no\"><i class=\"fusion-li-icon awb-icon-check\" aria-hidden=\"true\"><\/i><\/span><div class=\"fusion-li-item-content\">\n<p>Niedrige Transaktionsgeb\u00fchren<\/p>\n<\/div><\/li><li class=\"fusion-li-item\" style=\"\"><span class=\"icon-wrapper circle-no\"><i class=\"fusion-li-icon awb-icon-check\" aria-hidden=\"true\"><\/i><\/span><div class=\"fusion-li-item-content\">\n<p>Akzeptanz aller g\u00e4ngigen Kreditkarten<\/p>\n<\/div><\/li><li class=\"fusion-li-item\" style=\"\"><span class=\"icon-wrapper circle-no\"><i class=\"fusion-li-icon awb-icon-check\" aria-hidden=\"true\"><\/i><\/span><div class=\"fusion-li-item-content\">\n<p>Virtuelle Terminals (MOTO \u2013 Mail Order Telephone Order)<\/p>\n<\/div><\/li><li class=\"fusion-li-item\" style=\"\"><span class=\"icon-wrapper circle-no\"><i class=\"fusion-li-icon awb-icon-check\" aria-hidden=\"true\"><\/i><\/span><div class=\"fusion-li-item-content\">\n<p>Weltweite Zahlungsabwicklung<\/p>\n<\/div><\/li><li class=\"fusion-li-item\" style=\"\"><span class=\"icon-wrapper circle-no\"><i class=\"fusion-li-icon awb-icon-check\" aria-hidden=\"true\"><\/i><\/span><div class=\"fusion-li-item-content\">\n<p>Individueller oder dynamischer Deskriptor<\/p>\n<\/div><\/li><li class=\"fusion-li-item\" style=\"\"><span class=\"icon-wrapper circle-no\"><i class=\"fusion-li-icon awb-icon-check\" aria-hidden=\"true\"><\/i><\/span><div class=\"fusion-li-item-content\">\n<p>Niedrige Kosten<\/p>\n<\/div><\/li><li class=\"fusion-li-item\" style=\"\"><span class=\"icon-wrapper circle-no\"><i class=\"fusion-li-icon awb-icon-check\" aria-hidden=\"true\"><\/i><\/span><div class=\"fusion-li-item-content\">\n<p>Schneller Einrichtungsprozess<\/p>\n<\/div><\/li><li class=\"fusion-li-item\" style=\"\"><span class=\"icon-wrapper circle-no\"><i class=\"fusion-li-icon awb-icon-check\" aria-hidden=\"true\"><\/i><\/span><div class=\"fusion-li-item-content\">\n<p>Echtzeit Gateway-Berichterstattung<\/p>\n<\/div><\/li><li class=\"fusion-li-item\" style=\"\"><span class=\"icon-wrapper circle-no\"><i class=\"fusion-li-icon awb-icon-check\" aria-hidden=\"true\"><\/i><\/span><div class=\"fusion-li-item-content\">\n<p>Einzelne API Integration<\/p>\n<\/div><\/li><li class=\"fusion-li-item\" style=\"\"><span class=\"icon-wrapper circle-no\"><i class=\"fusion-li-icon awb-icon-check\" aria-hidden=\"true\"><\/i><\/span><div class=\"fusion-li-item-content\">\n<p>24\/7 Kunden-Support<\/p>\n<\/div><\/li><li class=\"fusion-li-item\" style=\"\"><span class=\"icon-wrapper circle-no\"><i class=\"fusion-li-icon awb-icon-check\" aria-hidden=\"true\"><\/i><\/span><div class=\"fusion-li-item-content\">\n<p>Tokenization<\/p>\n<\/div><\/li><\/ul><div class=\"fusion-clearfix\"><\/div><\/div><\/div><div class=\"fusion-layout-column fusion_builder_column fusion-builder-column-4 fusion_builder_column_2_5 2_5 fusion-two-fifth fusion-column-last\" style=\"--awb-padding-top:7%;--awb-padding-right:14%;--awb-padding-bottom:7%;--awb-padding-left:14%;--awb-bg-size:cover;width:40%;width:calc(40% - ( ( 0px + 0px ) * 0.4 ) );\"><div class=\"fusion-column-wrapper fusion-flex-column-wrapper-legacy\"><div class=\"fusion-sep-clear\"><\/div><div class=\"fusion-separator fusion-full-width-sep\" style=\"margin-left: auto;margin-right: auto;margin-top:10px;width:100%;\"><\/div><div class=\"fusion-sep-clear\"><\/div><div class=\"fusion-text fusion-text-4\"><h4>Feature zum Planen einer automatisierten Weiterberechnung:<\/h4>\n<\/div><ul style=\"--awb-line-height:28.9px;--awb-icon-width:28.9px;--awb-icon-height:28.9px;--awb-icon-margin:11.9px;--awb-content-margin:40.8px;\" class=\"fusion-checklist fusion-checklist-2 fusion-checklist-default type-icons\"><li class=\"fusion-li-item\" style=\"\"><span class=\"icon-wrapper circle-no\"><i class=\"fusion-li-icon fa-check fas\" aria-hidden=\"true\"><\/i><\/span><div class=\"fusion-li-item-content\">\n<p>Private H\u00e4ndler-ID (MID)<\/p>\n<\/div><\/li><li class=\"fusion-li-item\" style=\"\"><span class=\"icon-wrapper circle-no\"><i class=\"fusion-li-icon fa-check fas\" aria-hidden=\"true\"><\/i><\/span><div class=\"fusion-li-item-content\">\n<p>Pers\u00f6nlicher Abrechnungsdeskriptor<\/p>\n<\/div><\/li><li class=\"fusion-li-item\" style=\"\"><span class=\"icon-wrapper circle-no\"><i class=\"fusion-li-icon fa-check fas\" aria-hidden=\"true\"><\/i><\/span><div class=\"fusion-li-item-content\">Niedrige Kosten<\/div><\/li><li class=\"fusion-li-item\" style=\"\"><span class=\"icon-wrapper circle-no\"><i class=\"fusion-li-icon fa-check fas\" aria-hidden=\"true\"><\/i><\/span><div class=\"fusion-li-item-content\">\n<p>API-Buchung durch unser PCI konformes Gateway<\/p>\n<\/div><\/li><li class=\"fusion-li-item\" style=\"\"><span class=\"icon-wrapper circle-no\"><i class=\"fusion-li-icon fa-check fas\" aria-hidden=\"true\"><\/i><\/span><div class=\"fusion-li-item-content\">\n<p>Neuster und hochwirksamer Betrugsschutz<\/p>\n<\/div><\/li><li class=\"fusion-li-item\" style=\"\"><span class=\"icon-wrapper circle-no\"><i class=\"fusion-li-icon fa-check fas\" aria-hidden=\"true\"><\/i><\/span><div class=\"fusion-li-item-content\">\n<p>R\u00fcckzahlungsmanagement<\/p>\n<\/div><\/li><li class=\"fusion-li-item\" style=\"\"><span class=\"icon-wrapper circle-no\"><i class=\"fusion-li-icon fa-check fas\" aria-hidden=\"true\"><\/i><\/span><div class=\"fusion-li-item-content\">\n<p>Abrechnungsoptionen<\/p>\n<\/div><\/li><\/ul><div class=\"fusion-sep-clear\"><\/div><div class=\"fusion-separator fusion-full-width-sep\" style=\"margin-left: auto;margin-right: auto;margin-top:20px;width:100%;\"><\/div><div class=\"fusion-sep-clear\"><\/div><div class=\"fusion-text fusion-text-5\"><p>Alle eingehenden Zahlungstransaktionen laufen durch das PCI konforme Internet Zahlungsgateway der Processing Partners Inc. Authorisierte Geldmittel werden dem H\u00e4ndler innerhalb von 3-7 Werktagen gutgeschrieben.<\/p>\n<\/div><div class=\"fusion-clearfix\"><\/div><\/div><\/div><\/div><\/div><div class=\"fusion-bg-parallax\" data-bg-align=\"center center\" data-direction=\"up\" data-mute=\"false\" data-opacity=\"100\" data-velocity=\"-0.3\" data-mobile-enabled=\"false\" data-break_parents=\"0\" data-bg-image=\"https:\/\/processingpartners.kinsta.cloud\/wp-content\/uploads\/2018\/02\/ready_to_talk_cta_bg.jpg\" data-bg-repeat=\"false\" ><\/div><div class=\"fusion-fullwidth fullwidth-box fusion-builder-row-3 fusion-flex-container has-pattern-background has-mask-background fusion-parallax-up nonhundred-percent-fullwidth non-hundred-percent-height-scrolling\" style=\"--awb-border-sizes-top:0px;--awb-border-sizes-bottom:0px;--awb-border-sizes-left:0px;--awb-border-sizes-right:0px;--awb-border-radius-top-left:0px;--awb-border-radius-top-right:0px;--awb-border-radius-bottom-right:0px;--awb-border-radius-bottom-left:0px;--awb-padding-top:110px;--awb-padding-bottom:110px;--awb-background-image:url(&quot;https:\/\/processingpartners.kinsta.cloud\/wp-content\/uploads\/2018\/02\/ready_to_talk_cta_bg.jpg&quot;);--awb-background-size:cover;--awb-flex-wrap:wrap;\" ><div class=\"fusion-builder-row fusion-row fusion-flex-align-items-flex-start fusion-flex-justify-content-center fusion-flex-content-wrap\" style=\"max-width:1216.8px;margin-left: calc(-4% \/ 2 );margin-right: calc(-4% \/ 2 );\"><div class=\"fusion-layout-column fusion_builder_column fusion-builder-column-5 fusion_builder_column_2_3 2_3 fusion-flex-column\" style=\"--awb-bg-blend:overlay;--awb-bg-size:cover;--awb-width-large:66.666666666667%;--awb-margin-top-large:3%;--awb-spacing-right-large:2.88%;--awb-margin-bottom-large:3%;--awb-spacing-left-large:2.88%;--awb-width-medium:100%;--awb-spacing-right-medium:1.92%;--awb-spacing-left-medium:1.92%;--awb-width-small:100%;--awb-spacing-right-small:1.92%;--awb-spacing-left-small:1.92%;\"><div class=\"fusion-column-wrapper fusion-flex-justify-content-flex-start fusion-content-layout-column\"><div class=\"fusion-text fusion-text-6\"><h2 style=\"text-align: center; font-size: 72px; color: #ffffff;\">Ready to talk?<\/h2>\n<\/div><div class=\"fusion-text fusion-text-7\"><h4 style=\"text-align: center; color: #9aa2ac; font-size: 22px;\">Interested in risk-free state-of-the-art one-source global payment\u00a0solutions?<\/h4>\n<\/div><div class=\"fusion-separator fusion-full-width-sep\" style=\"align-self: center;margin-left: auto;margin-right: auto;margin-top:20px;width:100%;\"><\/div><div style=\"text-align:center;\"><a class=\"fusion-button button-flat fusion-button-default-size button-default fusion-button-default button-1 fusion-button-default-span fusion-button-default-type\" target=\"_self\" href=\"https:\/\/processingpartners.kinsta.cloud\/de\/kontakt\/#form\"><span class=\"fusion-button-text awb-button__text awb-button__text--default\">Let\u2019s Talk<\/span><\/a><\/div><\/div><\/div><\/div><\/div>\n<\/p>\n","protected":false},"excerpt":{"rendered":"","protected":false},"author":1,"featured_media":0,"parent":0,"menu_order":0,"comment_status":"closed","ping_status":"closed","template":"100-width.php","meta":{"_acf_changed":false,"footnotes":""},"class_list":["post-2978","page","type-page","status-publish","hentry"],"acf":[],"yoast_head":"<!-- This site is optimized with the Yoast SEO plugin v27.4 - https:\/\/yoast.com\/product\/yoast-seo-wordpress\/ -->\n<title>International Merchant Accounts for credit card processing<\/title>\n<meta name=\"description\" content=\"Take advantage of multi-currency merchant accounts and connect to a extensive network of solid international bank acquiring partners across the globekd.\" \/>\n<meta name=\"robots\" content=\"index, follow, max-snippet:-1, max-image-preview:large, max-video-preview:-1\" \/>\n<link rel=\"canonical\" href=\"https:\/\/processingpartners.com\/de\/internationale-haendler-accounts\/\" \/>\n<meta property=\"og:locale\" content=\"de_DE\" \/>\n<meta property=\"og:type\" content=\"article\" \/>\n<meta property=\"og:title\" content=\"International Merchant Accounts for credit card processing\" \/>\n<meta property=\"og:description\" content=\"Take advantage of multi-currency merchant accounts and connect to a extensive network of solid international bank acquiring partners across the globekd.\" \/>\n<meta property=\"og:url\" content=\"https:\/\/processingpartners.com\/de\/internationale-haendler-accounts\/\" \/>\n<meta property=\"og:site_name\" content=\"Processing Partners\" \/>\n<meta property=\"article:publisher\" content=\"https:\/\/www.facebook.com\/processingpartners\/\" \/>\n<meta property=\"article:modified_time\" content=\"2020-04-10T08:48:36+00:00\" \/>\n<meta name=\"twitter:card\" content=\"summary_large_image\" \/>\n<meta name=\"twitter:label1\" content=\"Gesch\u00e4tzte Lesezeit\" \/>\n\t<meta name=\"twitter:data1\" content=\"7\u00a0Minuten\" \/>\n<script type=\"application\/ld+json\" class=\"yoast-schema-graph\">{\"@context\":\"https:\\\/\\\/schema.org\",\"@graph\":[{\"@type\":\"WebPage\",\"@id\":\"https:\\\/\\\/processingpartners.com\\\/de\\\/internationale-haendler-accounts\\\/\",\"url\":\"https:\\\/\\\/processingpartners.com\\\/de\\\/internationale-haendler-accounts\\\/\",\"name\":\"International Merchant Accounts for credit card processing\",\"isPartOf\":{\"@id\":\"https:\\\/\\\/processingpartners.com\\\/de\\\/#website\"},\"datePublished\":\"2018-01-05T13:52:23+00:00\",\"dateModified\":\"2020-04-10T08:48:36+00:00\",\"description\":\"Take advantage of multi-currency merchant accounts and connect to a extensive network of solid international bank acquiring partners across the globekd.\",\"breadcrumb\":{\"@id\":\"https:\\\/\\\/processingpartners.com\\\/de\\\/internationale-haendler-accounts\\\/#breadcrumb\"},\"inLanguage\":\"de\",\"potentialAction\":[{\"@type\":\"ReadAction\",\"target\":[\"https:\\\/\\\/processingpartners.com\\\/de\\\/internationale-haendler-accounts\\\/\"]}]},{\"@type\":\"BreadcrumbList\",\"@id\":\"https:\\\/\\\/processingpartners.com\\\/de\\\/internationale-haendler-accounts\\\/#breadcrumb\",\"itemListElement\":[{\"@type\":\"ListItem\",\"position\":1,\"name\":\"Startseite\",\"item\":\"https:\\\/\\\/processingpartners.com\\\/de\\\/\"},{\"@type\":\"ListItem\",\"position\":2,\"name\":\"Internationale H\u00e4ndler-Accounts\"}]},{\"@type\":\"WebSite\",\"@id\":\"https:\\\/\\\/processingpartners.com\\\/de\\\/#website\",\"url\":\"https:\\\/\\\/processingpartners.com\\\/de\\\/\",\"name\":\"Processing Partners\",\"description\":\"\",\"publisher\":{\"@id\":\"https:\\\/\\\/processingpartners.com\\\/de\\\/#organization\"},\"potentialAction\":[{\"@type\":\"SearchAction\",\"target\":{\"@type\":\"EntryPoint\",\"urlTemplate\":\"https:\\\/\\\/processingpartners.com\\\/de\\\/?s={search_term_string}\"},\"query-input\":{\"@type\":\"PropertyValueSpecification\",\"valueRequired\":true,\"valueName\":\"search_term_string\"}}],\"inLanguage\":\"de\"},{\"@type\":\"Organization\",\"@id\":\"https:\\\/\\\/processingpartners.com\\\/de\\\/#organization\",\"name\":\"Processing Partners Inc.\",\"url\":\"https:\\\/\\\/processingpartners.com\\\/de\\\/\",\"logo\":{\"@type\":\"ImageObject\",\"inLanguage\":\"de\",\"@id\":\"https:\\\/\\\/processingpartners.com\\\/de\\\/#\\\/schema\\\/logo\\\/image\\\/\",\"url\":\"https:\\\/\\\/processingpartners.kinsta.cloud\\\/wp-content\\\/uploads\\\/2023\\\/09\\\/processing-partners-logo.svg\",\"contentUrl\":\"https:\\\/\\\/processingpartners.kinsta.cloud\\\/wp-content\\\/uploads\\\/2023\\\/09\\\/processing-partners-logo.svg\",\"width\":296,\"height\":58,\"caption\":\"Processing Partners Inc.\"},\"image\":{\"@id\":\"https:\\\/\\\/processingpartners.com\\\/de\\\/#\\\/schema\\\/logo\\\/image\\\/\"},\"sameAs\":[\"https:\\\/\\\/www.facebook.com\\\/processingpartners\\\/\"]}]}<\/script>\n<!-- \/ Yoast SEO plugin. -->","yoast_head_json":{"title":"International Merchant Accounts for credit card processing","description":"Take advantage of multi-currency merchant accounts and connect to a extensive network of solid international bank acquiring partners across the globekd.","robots":{"index":"index","follow":"follow","max-snippet":"max-snippet:-1","max-image-preview":"max-image-preview:large","max-video-preview":"max-video-preview:-1"},"canonical":"https:\/\/processingpartners.com\/de\/internationale-haendler-accounts\/","og_locale":"de_DE","og_type":"article","og_title":"International Merchant Accounts for credit card processing","og_description":"Take advantage of multi-currency merchant accounts and connect to a extensive network of solid international bank acquiring partners across the globekd.","og_url":"https:\/\/processingpartners.com\/de\/internationale-haendler-accounts\/","og_site_name":"Processing Partners","article_publisher":"https:\/\/www.facebook.com\/processingpartners\/","article_modified_time":"2020-04-10T08:48:36+00:00","twitter_card":"summary_large_image","twitter_misc":{"Gesch\u00e4tzte Lesezeit":"7\u00a0Minuten"},"schema":{"@context":"https:\/\/schema.org","@graph":[{"@type":"WebPage","@id":"https:\/\/processingpartners.com\/de\/internationale-haendler-accounts\/","url":"https:\/\/processingpartners.com\/de\/internationale-haendler-accounts\/","name":"International Merchant Accounts for credit card processing","isPartOf":{"@id":"https:\/\/processingpartners.com\/de\/#website"},"datePublished":"2018-01-05T13:52:23+00:00","dateModified":"2020-04-10T08:48:36+00:00","description":"Take advantage of multi-currency merchant accounts and connect to a extensive network of solid international bank acquiring partners across the globekd.","breadcrumb":{"@id":"https:\/\/processingpartners.com\/de\/internationale-haendler-accounts\/#breadcrumb"},"inLanguage":"de","potentialAction":[{"@type":"ReadAction","target":["https:\/\/processingpartners.com\/de\/internationale-haendler-accounts\/"]}]},{"@type":"BreadcrumbList","@id":"https:\/\/processingpartners.com\/de\/internationale-haendler-accounts\/#breadcrumb","itemListElement":[{"@type":"ListItem","position":1,"name":"Startseite","item":"https:\/\/processingpartners.com\/de\/"},{"@type":"ListItem","position":2,"name":"Internationale H\u00e4ndler-Accounts"}]},{"@type":"WebSite","@id":"https:\/\/processingpartners.com\/de\/#website","url":"https:\/\/processingpartners.com\/de\/","name":"Processing Partners","description":"","publisher":{"@id":"https:\/\/processingpartners.com\/de\/#organization"},"potentialAction":[{"@type":"SearchAction","target":{"@type":"EntryPoint","urlTemplate":"https:\/\/processingpartners.com\/de\/?s={search_term_string}"},"query-input":{"@type":"PropertyValueSpecification","valueRequired":true,"valueName":"search_term_string"}}],"inLanguage":"de"},{"@type":"Organization","@id":"https:\/\/processingpartners.com\/de\/#organization","name":"Processing Partners Inc.","url":"https:\/\/processingpartners.com\/de\/","logo":{"@type":"ImageObject","inLanguage":"de","@id":"https:\/\/processingpartners.com\/de\/#\/schema\/logo\/image\/","url":"https:\/\/processingpartners.kinsta.cloud\/wp-content\/uploads\/2023\/09\/processing-partners-logo.svg","contentUrl":"https:\/\/processingpartners.kinsta.cloud\/wp-content\/uploads\/2023\/09\/processing-partners-logo.svg","width":296,"height":58,"caption":"Processing Partners Inc."},"image":{"@id":"https:\/\/processingpartners.com\/de\/#\/schema\/logo\/image\/"},"sameAs":["https:\/\/www.facebook.com\/processingpartners\/"]}]}},"_links":{"self":[{"href":"https:\/\/processingpartners.com\/de\/wp-json\/wp\/v2\/pages\/2978","targetHints":{"allow":["GET"]}}],"collection":[{"href":"https:\/\/processingpartners.com\/de\/wp-json\/wp\/v2\/pages"}],"about":[{"href":"https:\/\/processingpartners.com\/de\/wp-json\/wp\/v2\/types\/page"}],"author":[{"embeddable":true,"href":"https:\/\/processingpartners.com\/de\/wp-json\/wp\/v2\/users\/1"}],"replies":[{"embeddable":true,"href":"https:\/\/processingpartners.com\/de\/wp-json\/wp\/v2\/comments?post=2978"}],"version-history":[{"count":3,"href":"https:\/\/processingpartners.com\/de\/wp-json\/wp\/v2\/pages\/2978\/revisions"}],"predecessor-version":[{"id":2981,"href":"https:\/\/processingpartners.com\/de\/wp-json\/wp\/v2\/pages\/2978\/revisions\/2981"}],"wp:attachment":[{"href":"https:\/\/processingpartners.com\/de\/wp-json\/wp\/v2\/media?parent=2978"}],"curies":[{"name":"wp","href":"https:\/\/api.w.org\/{rel}","templated":true}]}}