{"id":2891,"date":"2018-06-05T08:56:50","date_gmt":"2018-06-05T06:56:50","guid":{"rendered":"https:\/\/processingpartners.kinsta.cloud\/mpos\/"},"modified":"2020-03-30T15:42:41","modified_gmt":"2020-03-30T13:42:41","slug":"mpos","status":"publish","type":"page","link":"https:\/\/processingpartners.com\/de\/mpos\/","title":{"rendered":"M-POS"},"content":{"rendered":"<p><div class=\"fusion-fullwidth fullwidth-box fusion-builder-row-1 nonhundred-percent-fullwidth non-hundred-percent-height-scrolling\" style=\"--awb-background-position:left top;--awb-border-radius-top-left:0px;--awb-border-radius-top-right:0px;--awb-border-radius-bottom-right:0px;--awb-border-radius-bottom-left:0px;--awb-padding-bottom:60px;--awb-margin-top:3%;--awb-margin-bottom:4%;--awb-border-sizes-top:0px;--awb-border-sizes-bottom:0px;--awb-flex-wrap:wrap;\" ><div class=\"fusion-builder-row fusion-row\"><div class=\"fusion-layout-column fusion_builder_column fusion-builder-column-0 fusion_builder_column_2_5 2_5 fusion-two-fifth fusion-column-first fusion-no-small-visibility fusion-no-medium-visibility\" style=\"--awb-padding-right:20px;--awb-padding-bottom:20px;--awb-padding-left:20px;--awb-bg-size:cover;--awb-margin-bottom:40px;width:37.6%; margin-right: 4%;\"><div class=\"fusion-column-wrapper fusion-flex-column-wrapper-legacy\"><div class=\"fusion-fa-align-left\"><i class=\"fb-icon-element-1 fb-icon-element fontawesome-icon fa-mobile-alt fas circle-no\" style=\"--awb-font-size:300px;--awb-margin-right:150px;\"><\/i><\/div><div class=\"fusion-clearfix\"><\/div><\/div><\/div>\n<div class=\"fusion-layout-column fusion_builder_column fusion-builder-column-1 fusion_builder_column_3_5 3_5 fusion-three-fifth fusion-column-last\" style=\"--awb-padding-right:2%;--awb-padding-bottom:2%;--awb-padding-left:2%;--awb-bg-size:cover;width:58.4%;\"><div class=\"fusion-column-wrapper fusion-flex-column-wrapper-legacy\"><div class=\"fusion-column-content-centered\"><div class=\"fusion-column-content\"><div class=\"fusion-text fusion-text-1\"><h2>Die steigende Nachfrage nach mobilen POS-L\u00f6sungen<\/h2>\n<\/div><div class=\"fusion-sep-clear\"><\/div><div class=\"fusion-separator fusion-clearfix\" style=\"float:left;margin-top:0px;margin-bottom:35px;width:100%;max-width:100px;\"><div class=\"fusion-separator-border sep-single sep-solid\" style=\"--awb-height:20px;--awb-amount:20px;--awb-sep-color:#213d65;border-color:#213d65;border-top-width:2px;\"><\/div><\/div><div class=\"fusion-sep-clear\"><\/div><div class=\"fusion-text fusion-text-2\"><p>Aktuell besteht unter Zahlungsdienstleistern eine allgemeine Aufregung hinsichtlich einer neuen mobilen Kartenakzeptanzl\u00f6sung f\u00fcr den POS-Bereich. Diese bietet eine Kombination aus Flexibilit\u00e4t, Portabilit\u00e4t und einer umfassenden Sicherheit \u2013 alles zu niedrigeren Kosten als beim traditionellen Ansatz.<\/p>\n<p>Die Eigenschaften und Funktionen der M-POS-Ger\u00e4te, die von H\u00e4ndlern in Gesch\u00e4fts- und Verkaufsr\u00e4umen genutzt werden, haben sich \u00fcber die Jahre hinweg stetig weiterentwickelt. Die Magnetstreifen-Kartenakzeptanz ist dabei immer als Grundlage bestehen geblieben. Viele L\u00e4nder haben jetzt aber Erweiterungen eingef\u00fchrt, um die EMV-Chipkartentechnologie und kontaktlose Transaktionen zum Betrugsschutz beziehungsweise aus Bequemlichkeitsgr\u00fcnden f\u00fcr die Kunden zu unterst\u00fctzen. Ein Aspekt bleibt jedoch w\u00e4hrend dieses Wandels konstant: die strengen Anforderungen an die Sicherheits\u00fcberwachung der Kartenzahlungsindustrie, die eingehalten werden m\u00fcssen, bevor \u00fcberhaupt ein Terminal benutzt werden kann, um eine Kartenzahlung durchzuf\u00fchren. Hierbei handelt es sich um ein strengstens kontrolliertes, komplexes und kostenintensives Thema f\u00fcr diejenigen, die damit arbeiten.<\/p>\n<p>Viele H\u00e4ndler setzen deshalb immer noch ausschlie\u00dflich auf Barzahlung und akzeptieren keine Kartenzahlung. W\u00e4hrend also einige H\u00e4ndler auf bargeldlose Zahlungsm\u00f6glichkeiten verzichten, freuen sich andere \u00fcber die neuen Entwicklungen im POS-Bereich. Besonders beliebt ist die M-POS-L\u00f6sung bei kleinen H\u00e4ndlern und Start-ups, die gerade damit beginnen, Kartenzahlungen zu akzeptieren. Schlie\u00dflich er\u00f6ffnen sich mit diesem Zahlungssystem ganz neue M\u00f6glichkeiten \u2013 auch f\u00fcr die Zahlungsdienstleister, die damit ihr Transaktionsvolumen erh\u00f6hen k\u00f6nnen. Besonders signifikant ist in diesem Zusammenhang auch, dass H\u00e4ndler, die bereits Kartenzahlungen annehmen, M-POS als Zahlungsm\u00f6glichkeit implementieren, haupts\u00e4chlich weil es f\u00fcr die Kunden eine attraktivere Interaktionserfahrung darstellt.<\/p>\n<\/div><\/div><\/div><div class=\"fusion-clearfix\"><\/div><\/div><\/div><\/div><\/div><div class=\"fusion-fullwidth fullwidth-box fusion-builder-row-2 nonhundred-percent-fullwidth non-hundred-percent-height-scrolling fusion-equal-height-columns fusion-no-small-visibility fusion-no-medium-visibility\" style=\"--awb-border-radius-top-left:0px;--awb-border-radius-top-right:0px;--awb-border-radius-bottom-right:0px;--awb-border-radius-bottom-left:0px;--awb-padding-top:120px;--awb-padding-bottom:80px;--awb-background-color:#f9f9f9;--awb-flex-wrap:wrap;\" ><div class=\"fusion-builder-row fusion-row\"><div class=\"fusion-layout-column fusion_builder_column fusion-builder-column-2 fusion_builder_column_3_5 3_5 fusion-three-fifth fusion-column-first\" style=\"--awb-bg-size:cover;width:60%;width:calc(60% - ( ( 7% ) * 0.6 ) );margin-right: 7%;\"><div class=\"fusion-column-wrapper fusion-flex-column-wrapper-legacy\"><div class=\"fusion-text fusion-text-3\"><p>Sowohl H\u00e4ndler als auch Zahlungsdienstleister haben operative und logistische Probleme mit den traditionellen POS-Terminals. Dabei geht es haupts\u00e4chlich um Aspekte, die sich auf die vielf\u00e4ltigen Kontroll- und Registrierungsvorgaben bei der Nutzung der Kartenleseger\u00e4te beziehen. Zwei von vielen Gr\u00fcnden, aus denen traditionelle Terminals von einer gro\u00dfen Gruppe von H\u00e4ndlern abgelehnt werden sind:<\/p>\n<\/div><ul style=\"--awb-line-height:28.9px;--awb-icon-width:28.9px;--awb-icon-height:28.9px;--awb-icon-margin:11.9px;--awb-content-margin:40.8px;\" class=\"fusion-checklist fusion-checklist-1 fusion-checklist-default type-icons\"><li class=\"fusion-li-item\" style=\"\"><span class=\"icon-wrapper circle-no\"><i class=\"fusion-li-icon awb-icon-check\" aria-hidden=\"true\"><\/i><\/span><div class=\"fusion-li-item-content\">\n<p class=\"p1\">Traditionelle POS-Terminals funktionieren generell nur an festen Standorten innerhalb eines Ladengesch\u00e4fts oder in limitierten Bereichen au\u00dferhalb, wo eine sichere Kabelverbindung oder eine kabellose Netzwerkverbindung vorhanden ist.<\/p>\n<\/div><\/li><li class=\"fusion-li-item\" style=\"\"><span class=\"icon-wrapper circle-no\"><i class=\"fusion-li-icon awb-icon-check\" aria-hidden=\"true\"><\/i><\/span><div class=\"fusion-li-item-content\">\n<p>Vollst\u00e4ndige POS-Systeme m\u00fcssen eine Reihe von Zahlungssystemvorgaben erf\u00fcllen. Betroffen sind unter anderem die Server der H\u00e4ndler im Gesch\u00e4ft selbst und im Headoffice sowie die dazugeh\u00f6rigen Softwareapplikationen, die f\u00fcr die Datentransaktion zust\u00e4ndig sind. Somit ist es \u00e4u\u00dferst schwierig, kleine \u00c4nderungen vorzunehmen. Denn sie sind nicht nur kompliziert, sondern nehmen auch viel Zeit in Anspruch und verursachen hohe Materialkosten.<\/p>\n<\/div><\/li><\/ul><div class=\"fusion-text fusion-text-4\"><p>Zahlungsdienstleister sind daf\u00fcr verantwortlich, dass H\u00e4ndler eine Reihe von Vorschriften einhalten, die sich auf komplexe Systeme mit einer Vielzahl von Komponenten beziehen, die von den Dienstleistern selbst zur Verf\u00fcgung gestellt werden. Dies hat hohe Markteinf\u00fchrungskosten zur Folge, die einige Zehntausend kleine H\u00e4ndler weltweit davon abhalten, Kartenzahlungen zu akzeptieren.<\/p>\n<\/div><div class=\"fusion-clearfix\"><\/div><\/div><\/div><div class=\"fusion-layout-column fusion_builder_column fusion-builder-column-3 fusion_builder_column_2_5 2_5 fusion-two-fifth fusion-column-last\" style=\"--awb-bg-size:cover;width:40%;width:calc(40% - ( ( 7% ) * 0.4 ) );\"><div class=\"fusion-column-wrapper fusion-flex-column-wrapper-legacy\"><div class=\"fusion-column-content-centered\"><div class=\"fusion-column-content\"><div class=\"fusion-text fusion-text-5\"><h2>Mobilit\u00e4t und Flexibilit\u00e4t<\/h2>\n<\/div><\/div><\/div><div class=\"fusion-clearfix\"><\/div><\/div><\/div><\/div><\/div><div class=\"fusion-fullwidth fullwidth-box fusion-builder-row-3 nonhundred-percent-fullwidth non-hundred-percent-height-scrolling fusion-equal-height-columns fusion-no-large-visibility\" style=\"--awb-border-radius-top-left:0px;--awb-border-radius-top-right:0px;--awb-border-radius-bottom-right:0px;--awb-border-radius-bottom-left:0px;--awb-padding-top:120px;--awb-padding-bottom:80px;--awb-background-color:#f9f9f9;--awb-flex-wrap:wrap;\" ><div class=\"fusion-builder-row fusion-row\"><div class=\"fusion-layout-column fusion_builder_column fusion-builder-column-4 fusion_builder_column_2_5 2_5 fusion-two-fifth fusion-column-first\" style=\"--awb-bg-size:cover;width:40%;width:calc(40% - ( ( 7% ) * 0.4 ) );margin-right: 7%;\"><div class=\"fusion-column-wrapper fusion-flex-column-wrapper-legacy\"><div class=\"fusion-column-content-centered\"><div class=\"fusion-column-content\"><div class=\"fusion-text fusion-text-6\"><h2>Mobilit\u00e4t und Flexibilit\u00e4t<\/h2>\n<\/div><\/div><\/div><div class=\"fusion-clearfix\"><\/div><\/div><\/div><div class=\"fusion-layout-column fusion_builder_column fusion-builder-column-5 fusion_builder_column_3_5 3_5 fusion-three-fifth fusion-column-last\" style=\"--awb-bg-size:cover;width:60%;width:calc(60% - ( ( 7% ) * 0.6 ) );\"><div class=\"fusion-column-wrapper fusion-flex-column-wrapper-legacy\"><div class=\"fusion-text fusion-text-7\"><p>Sowohl H\u00e4ndler als auch Zahlungsdienstleister haben operative und logistische Probleme mit den traditionellen POS-Terminals. Dabei geht es haupts\u00e4chlich um Aspekte, die sich auf die vielf\u00e4ltigen Kontroll- und Registrierungsvorgaben bei der Nutzung der Kartenleseger\u00e4te beziehen. Zwei von vielen Gr\u00fcnden, aus denen traditionelle Terminals von einer gro\u00dfen Gruppe von H\u00e4ndlern abgelehnt werden sind:<\/p>\n<\/div><ul style=\"--awb-line-height:28.9px;--awb-icon-width:28.9px;--awb-icon-height:28.9px;--awb-icon-margin:11.9px;--awb-content-margin:40.8px;\" class=\"fusion-checklist fusion-checklist-2 fusion-checklist-default type-icons\"><li class=\"fusion-li-item\" style=\"\"><span class=\"icon-wrapper circle-no\"><i class=\"fusion-li-icon awb-icon-check\" aria-hidden=\"true\"><\/i><\/span><div class=\"fusion-li-item-content\">\n<p class=\"p1\">Traditionelle POS-Terminals funktionieren generell nur an festen Standorten innerhalb eines Ladengesch\u00e4fts oder in limitierten Bereichen au\u00dferhalb, wo eine sichere Kabelverbindung oder eine kabellose Netzwerkverbindung vorhanden ist.<\/p>\n<\/div><\/li><li class=\"fusion-li-item\" style=\"\"><span class=\"icon-wrapper circle-no\"><i class=\"fusion-li-icon awb-icon-check\" aria-hidden=\"true\"><\/i><\/span><div class=\"fusion-li-item-content\">\n<p>Vollst\u00e4ndige POS-Systeme m\u00fcssen eine Reihe von Zahlungssystemvorgaben erf\u00fcllen. Betroffen sind unter anderem die Server der H\u00e4ndler im Gesch\u00e4ft selbst und im Headoffice sowie die dazugeh\u00f6rigen Softwareapplikationen, die f\u00fcr die Datentransaktion zust\u00e4ndig sind. Somit ist es \u00e4u\u00dferst schwierig, kleine \u00c4nderungen vorzunehmen. Denn sie sind nicht nur kompliziert, sondern nehmen auch viel Zeit in Anspruch und verursachen hohe Materialkosten.<\/p>\n<\/div><\/li><\/ul><div class=\"fusion-text fusion-text-8\"><p>Zahlungsdienstleister sind daf\u00fcr verantwortlich, dass H\u00e4ndler eine Reihe von Vorschriften einhalten, die sich auf komplexe Systeme mit einer Vielzahl von Komponenten beziehen, die von den Dienstleistern selbst zur Verf\u00fcgung gestellt werden. Dies hat hohe Markteinf\u00fchrungskosten zur Folge, die einige Zehntausend kleine H\u00e4ndler weltweit davon abhalten, Kartenzahlungen zu akzeptieren.<\/p>\n<\/div><div class=\"fusion-clearfix\"><\/div><\/div><\/div><\/div><\/div><div class=\"fusion-fullwidth fullwidth-box fusion-builder-row-4 nonhundred-percent-fullwidth non-hundred-percent-height-scrolling fusion-equal-height-columns\" style=\"--awb-border-radius-top-left:0px;--awb-border-radius-top-right:0px;--awb-border-radius-bottom-right:0px;--awb-border-radius-bottom-left:0px;--awb-padding-top:120px;--awb-padding-bottom:80px;--awb-flex-wrap:wrap;\" ><div class=\"fusion-builder-row fusion-row\"><div class=\"fusion-layout-column fusion_builder_column fusion-builder-column-6 fusion_builder_column_2_5 2_5 fusion-two-fifth fusion-column-first\" style=\"--awb-bg-size:cover;width:40%;width:calc(40% - ( ( 4% ) * 0.4 ) );margin-right: 4%;\"><div class=\"fusion-column-wrapper fusion-flex-column-wrapper-legacy\"><div class=\"fusion-column-content-centered\"><div class=\"fusion-column-content\"><div class=\"fusion-text fusion-text-9\"><h2>Allgemeine Vorteile von M-POS<\/h2>\n<\/div><\/div><\/div><div class=\"fusion-clearfix\"><\/div><\/div><\/div><div class=\"fusion-layout-column fusion_builder_column fusion-builder-column-7 fusion_builder_column_3_5 3_5 fusion-three-fifth fusion-column-last\" style=\"--awb-bg-size:cover;width:60%;width:calc(60% - ( ( 4% ) * 0.6 ) );\"><div class=\"fusion-column-wrapper fusion-flex-column-wrapper-legacy\"><div class=\"fusion-text fusion-text-10\"><p>Das M-POS-System revolutioniert das Einkauferlebnis der Kunden. Au\u00dferdem sind kleine H\u00e4ndler jetzt erstmals in der Lage, Karten von jedem denkbaren Standpunkt aus zu akzeptieren. Mit M-POS geh\u00f6rt jedoch nicht nur die Standortabh\u00e4ngigkeit der Vergangenheit an. Auch die steigenden Erwartungen der Kunden k\u00f6nnen erf\u00fcllt werden und es kommt zu keinem Verkaufsausfall, wenn Kunden mit Karte zahlen m\u00f6chten. Etablierte H\u00e4ndler mit Laden- oder Gesch\u00e4ftsr\u00e4umen sind jetzt in der Lage, neue und kosteng\u00fcnstige flexible Kartenakzeptanzoptionen in ihr bestehendes System zu integrieren, wodurch auch hier das Einkaufserlebnis f\u00fcr die Kunden aufgewertet wird.<\/p>\n<p>Dar\u00fcber hinaus hilft M-POS auch Zahlungsdienstleistern. Denn sie k\u00f6nnen steigende Einnahmen verzeichnen, wenn sich die Anzahl der H\u00e4ndler erh\u00f6ht, die Kartenzahlungen akzeptieren. Die einhergehende Notwendigkeit, Zahlungsdaten zu sichern, f\u00fchrt mit M-POS nicht l\u00e4nger zu Einschr\u00e4nkungen und dominiert auch nicht die Kosten. Au\u00dferdem erhalten H\u00e4ndler mit M-POS genau die POS-Schnittstelle, die sie ben\u00f6tigen \u2013 immer mit der Flexibilit\u00e4t, bei Wunsch etwas zu ver\u00e4ndern oder zu verbessern. Das hei\u00dft, der Zahlungsdienstleister h\u00e4lt f\u00fcr H\u00e4ndler eine neue sichere, kosteng\u00fcnstige und schnelle L\u00f6sung f\u00fcr die Kartenzahlungsabwicklung bereit. Dabei wird auch das Risiko eines Datenlecks, welches das System zerst\u00f6ren k\u00f6nnte, signifikant reduziert.<\/p>\n<p>Denn ein hardwarebasiertes Sicherheitssystem unterst\u00fctzt das gesamte M-POS-System. Sichere Kartenleseger\u00e4te entschl\u00fcsseln die Kartendaten sowohl von Magnetstreifen als auch von EMV-Chipkarten. Dar\u00fcber hinaus h\u00e4lt eine hardwarebasierte Direktverbindungsentschl\u00fcsselung kleine H\u00e4ndler au\u00dferhalb der Reichweite des PCI DSS (Payment Card Industry Data Security Standard) und belastet die H\u00e4ndler, die bereits Karten mit traditionellen Terminals akzeptieren, nicht mit den PCI DSS Anforderungen. Hardware-Sicherheitsmodule verbessern also die Sicherheit, vereinfachen die \u00dcberwachung der Sicherheitsvorgaben und begrenzen die Haftung der Zahlungsdienstleister.<\/p>\n<\/div><div class=\"fusion-clearfix\"><\/div><\/div><\/div><\/div><\/div><div class=\"fusion-bg-parallax\" data-bg-align=\"center center\" data-direction=\"up\" data-mute=\"false\" data-opacity=\"100\" data-velocity=\"-0.3\" data-mobile-enabled=\"false\" data-break_parents=\"0\" data-bg-image=\"https:\/\/processingpartners.kinsta.cloud\/wp-content\/uploads\/2018\/02\/ready_to_talk_cta_bg.jpg\" data-bg-repeat=\"false\" ><\/div><div class=\"fusion-fullwidth fullwidth-box fusion-builder-row-5 fusion-flex-container has-pattern-background has-mask-background fusion-parallax-up nonhundred-percent-fullwidth non-hundred-percent-height-scrolling\" style=\"--awb-border-sizes-top:0px;--awb-border-sizes-bottom:0px;--awb-border-sizes-left:0px;--awb-border-sizes-right:0px;--awb-border-radius-top-left:0px;--awb-border-radius-top-right:0px;--awb-border-radius-bottom-right:0px;--awb-border-radius-bottom-left:0px;--awb-padding-top:110px;--awb-padding-bottom:110px;--awb-background-image:url(&quot;https:\/\/processingpartners.kinsta.cloud\/wp-content\/uploads\/2018\/02\/ready_to_talk_cta_bg.jpg&quot;);--awb-background-size:cover;--awb-flex-wrap:wrap;\" ><div class=\"fusion-builder-row fusion-row fusion-flex-align-items-flex-start fusion-flex-justify-content-center fusion-flex-content-wrap\" style=\"max-width:1216.8px;margin-left: calc(-4% \/ 2 );margin-right: calc(-4% \/ 2 );\"><div class=\"fusion-layout-column fusion_builder_column fusion-builder-column-8 fusion_builder_column_2_3 2_3 fusion-flex-column\" style=\"--awb-bg-blend:overlay;--awb-bg-size:cover;--awb-width-large:66.666666666667%;--awb-margin-top-large:3%;--awb-spacing-right-large:2.88%;--awb-margin-bottom-large:3%;--awb-spacing-left-large:2.88%;--awb-width-medium:100%;--awb-spacing-right-medium:1.92%;--awb-spacing-left-medium:1.92%;--awb-width-small:100%;--awb-spacing-right-small:1.92%;--awb-spacing-left-small:1.92%;\"><div class=\"fusion-column-wrapper fusion-flex-justify-content-flex-start fusion-content-layout-column\"><div class=\"fusion-text fusion-text-11\"><h2 style=\"text-align: center; font-size: 72px; color: #ffffff;\">Ready to talk?<\/h2>\n<\/div><div class=\"fusion-text fusion-text-12\"><h4 style=\"text-align: center; color: #9aa2ac; font-size: 22px;\">Interested in risk-free state-of-the-art one-source global payment\u00a0solutions?<\/h4>\n<\/div><div class=\"fusion-separator fusion-full-width-sep\" style=\"align-self: center;margin-left: auto;margin-right: auto;margin-top:20px;width:100%;\"><\/div><div style=\"text-align:center;\"><a class=\"fusion-button button-flat fusion-button-default-size button-default fusion-button-default button-1 fusion-button-default-span fusion-button-default-type\" target=\"_self\" href=\"https:\/\/processingpartners.kinsta.cloud\/de\/kontakt\/#form\"><span class=\"fusion-button-text awb-button__text awb-button__text--default\">Let\u2019s Talk<\/span><\/a><\/div><\/div><\/div><\/div><\/div>\n<\/p>\n","protected":false},"excerpt":{"rendered":"","protected":false},"author":1,"featured_media":0,"parent":0,"menu_order":0,"comment_status":"closed","ping_status":"closed","template":"100-width.php","meta":{"_acf_changed":false,"footnotes":""},"class_list":["post-2891","page","type-page","status-publish","hentry"],"acf":[],"yoast_head":"<!-- This site is optimized with the Yoast SEO plugin v27.4 - https:\/\/yoast.com\/product\/yoast-seo-wordpress\/ -->\n<title>Global Payment Solutions for mPOS merchant cients<\/title>\n<meta name=\"description\" content=\"Processing Partners - One Stop Service Provider for mPOS payment solutions. Payment Gateway Services, Merchant Accounts Altenative Billing Solutions\" \/>\n<meta name=\"robots\" content=\"index, follow, max-snippet:-1, max-image-preview:large, max-video-preview:-1\" \/>\n<link rel=\"canonical\" href=\"https:\/\/processingpartners.com\/de\/mpos\/\" \/>\n<meta property=\"og:locale\" content=\"de_DE\" \/>\n<meta property=\"og:type\" content=\"article\" \/>\n<meta property=\"og:title\" content=\"Global Payment Solutions for mPOS merchant cients\" \/>\n<meta property=\"og:description\" content=\"Processing Partners - One Stop Service Provider for mPOS payment solutions. Payment Gateway Services, Merchant Accounts Altenative Billing Solutions\" \/>\n<meta property=\"og:url\" content=\"https:\/\/processingpartners.com\/de\/mpos\/\" \/>\n<meta property=\"og:site_name\" content=\"Processing Partners\" \/>\n<meta property=\"article:publisher\" content=\"https:\/\/www.facebook.com\/processingpartners\/\" \/>\n<meta property=\"article:modified_time\" content=\"2020-03-30T13:42:41+00:00\" \/>\n<meta name=\"twitter:card\" content=\"summary_large_image\" \/>\n<meta name=\"twitter:label1\" content=\"Gesch\u00e4tzte Lesezeit\" \/>\n\t<meta name=\"twitter:data1\" content=\"12\u00a0Minuten\" \/>\n<script type=\"application\/ld+json\" class=\"yoast-schema-graph\">{\"@context\":\"https:\\\/\\\/schema.org\",\"@graph\":[{\"@type\":\"WebPage\",\"@id\":\"https:\\\/\\\/processingpartners.com\\\/de\\\/mpos\\\/\",\"url\":\"https:\\\/\\\/processingpartners.com\\\/de\\\/mpos\\\/\",\"name\":\"Global Payment Solutions for mPOS merchant cients\",\"isPartOf\":{\"@id\":\"https:\\\/\\\/processingpartners.com\\\/de\\\/#website\"},\"datePublished\":\"2018-06-05T06:56:50+00:00\",\"dateModified\":\"2020-03-30T13:42:41+00:00\",\"description\":\"Processing Partners - One Stop Service Provider for mPOS payment solutions. Payment Gateway Services, Merchant Accounts Altenative Billing Solutions\",\"breadcrumb\":{\"@id\":\"https:\\\/\\\/processingpartners.com\\\/de\\\/mpos\\\/#breadcrumb\"},\"inLanguage\":\"de\",\"potentialAction\":[{\"@type\":\"ReadAction\",\"target\":[\"https:\\\/\\\/processingpartners.com\\\/de\\\/mpos\\\/\"]}]},{\"@type\":\"BreadcrumbList\",\"@id\":\"https:\\\/\\\/processingpartners.com\\\/de\\\/mpos\\\/#breadcrumb\",\"itemListElement\":[{\"@type\":\"ListItem\",\"position\":1,\"name\":\"Startseite\",\"item\":\"https:\\\/\\\/processingpartners.com\\\/de\\\/\"},{\"@type\":\"ListItem\",\"position\":2,\"name\":\"M-POS\"}]},{\"@type\":\"WebSite\",\"@id\":\"https:\\\/\\\/processingpartners.com\\\/de\\\/#website\",\"url\":\"https:\\\/\\\/processingpartners.com\\\/de\\\/\",\"name\":\"Processing Partners\",\"description\":\"\",\"publisher\":{\"@id\":\"https:\\\/\\\/processingpartners.com\\\/de\\\/#organization\"},\"potentialAction\":[{\"@type\":\"SearchAction\",\"target\":{\"@type\":\"EntryPoint\",\"urlTemplate\":\"https:\\\/\\\/processingpartners.com\\\/de\\\/?s={search_term_string}\"},\"query-input\":{\"@type\":\"PropertyValueSpecification\",\"valueRequired\":true,\"valueName\":\"search_term_string\"}}],\"inLanguage\":\"de\"},{\"@type\":\"Organization\",\"@id\":\"https:\\\/\\\/processingpartners.com\\\/de\\\/#organization\",\"name\":\"Processing Partners Inc.\",\"url\":\"https:\\\/\\\/processingpartners.com\\\/de\\\/\",\"logo\":{\"@type\":\"ImageObject\",\"inLanguage\":\"de\",\"@id\":\"https:\\\/\\\/processingpartners.com\\\/de\\\/#\\\/schema\\\/logo\\\/image\\\/\",\"url\":\"https:\\\/\\\/processingpartners.kinsta.cloud\\\/wp-content\\\/uploads\\\/2023\\\/09\\\/processing-partners-logo.svg\",\"contentUrl\":\"https:\\\/\\\/processingpartners.kinsta.cloud\\\/wp-content\\\/uploads\\\/2023\\\/09\\\/processing-partners-logo.svg\",\"width\":296,\"height\":58,\"caption\":\"Processing Partners Inc.\"},\"image\":{\"@id\":\"https:\\\/\\\/processingpartners.com\\\/de\\\/#\\\/schema\\\/logo\\\/image\\\/\"},\"sameAs\":[\"https:\\\/\\\/www.facebook.com\\\/processingpartners\\\/\"]}]}<\/script>\n<!-- \/ Yoast SEO plugin. -->","yoast_head_json":{"title":"Global Payment Solutions for mPOS merchant cients","description":"Processing Partners - One Stop Service Provider for mPOS payment solutions. Payment Gateway Services, Merchant Accounts Altenative Billing Solutions","robots":{"index":"index","follow":"follow","max-snippet":"max-snippet:-1","max-image-preview":"max-image-preview:large","max-video-preview":"max-video-preview:-1"},"canonical":"https:\/\/processingpartners.com\/de\/mpos\/","og_locale":"de_DE","og_type":"article","og_title":"Global Payment Solutions for mPOS merchant cients","og_description":"Processing Partners - One Stop Service Provider for mPOS payment solutions. Payment Gateway Services, Merchant Accounts Altenative Billing Solutions","og_url":"https:\/\/processingpartners.com\/de\/mpos\/","og_site_name":"Processing Partners","article_publisher":"https:\/\/www.facebook.com\/processingpartners\/","article_modified_time":"2020-03-30T13:42:41+00:00","twitter_card":"summary_large_image","twitter_misc":{"Gesch\u00e4tzte Lesezeit":"12\u00a0Minuten"},"schema":{"@context":"https:\/\/schema.org","@graph":[{"@type":"WebPage","@id":"https:\/\/processingpartners.com\/de\/mpos\/","url":"https:\/\/processingpartners.com\/de\/mpos\/","name":"Global Payment Solutions for mPOS merchant cients","isPartOf":{"@id":"https:\/\/processingpartners.com\/de\/#website"},"datePublished":"2018-06-05T06:56:50+00:00","dateModified":"2020-03-30T13:42:41+00:00","description":"Processing Partners - One Stop Service Provider for mPOS payment solutions. Payment Gateway Services, Merchant Accounts Altenative Billing Solutions","breadcrumb":{"@id":"https:\/\/processingpartners.com\/de\/mpos\/#breadcrumb"},"inLanguage":"de","potentialAction":[{"@type":"ReadAction","target":["https:\/\/processingpartners.com\/de\/mpos\/"]}]},{"@type":"BreadcrumbList","@id":"https:\/\/processingpartners.com\/de\/mpos\/#breadcrumb","itemListElement":[{"@type":"ListItem","position":1,"name":"Startseite","item":"https:\/\/processingpartners.com\/de\/"},{"@type":"ListItem","position":2,"name":"M-POS"}]},{"@type":"WebSite","@id":"https:\/\/processingpartners.com\/de\/#website","url":"https:\/\/processingpartners.com\/de\/","name":"Processing Partners","description":"","publisher":{"@id":"https:\/\/processingpartners.com\/de\/#organization"},"potentialAction":[{"@type":"SearchAction","target":{"@type":"EntryPoint","urlTemplate":"https:\/\/processingpartners.com\/de\/?s={search_term_string}"},"query-input":{"@type":"PropertyValueSpecification","valueRequired":true,"valueName":"search_term_string"}}],"inLanguage":"de"},{"@type":"Organization","@id":"https:\/\/processingpartners.com\/de\/#organization","name":"Processing Partners Inc.","url":"https:\/\/processingpartners.com\/de\/","logo":{"@type":"ImageObject","inLanguage":"de","@id":"https:\/\/processingpartners.com\/de\/#\/schema\/logo\/image\/","url":"https:\/\/processingpartners.kinsta.cloud\/wp-content\/uploads\/2023\/09\/processing-partners-logo.svg","contentUrl":"https:\/\/processingpartners.kinsta.cloud\/wp-content\/uploads\/2023\/09\/processing-partners-logo.svg","width":296,"height":58,"caption":"Processing Partners Inc."},"image":{"@id":"https:\/\/processingpartners.com\/de\/#\/schema\/logo\/image\/"},"sameAs":["https:\/\/www.facebook.com\/processingpartners\/"]}]}},"_links":{"self":[{"href":"https:\/\/processingpartners.com\/de\/wp-json\/wp\/v2\/pages\/2891","targetHints":{"allow":["GET"]}}],"collection":[{"href":"https:\/\/processingpartners.com\/de\/wp-json\/wp\/v2\/pages"}],"about":[{"href":"https:\/\/processingpartners.com\/de\/wp-json\/wp\/v2\/types\/page"}],"author":[{"embeddable":true,"href":"https:\/\/processingpartners.com\/de\/wp-json\/wp\/v2\/users\/1"}],"replies":[{"embeddable":true,"href":"https:\/\/processingpartners.com\/de\/wp-json\/wp\/v2\/comments?post=2891"}],"version-history":[{"count":3,"href":"https:\/\/processingpartners.com\/de\/wp-json\/wp\/v2\/pages\/2891\/revisions"}],"predecessor-version":[{"id":2893,"href":"https:\/\/processingpartners.com\/de\/wp-json\/wp\/v2\/pages\/2891\/revisions\/2893"}],"wp:attachment":[{"href":"https:\/\/processingpartners.com\/de\/wp-json\/wp\/v2\/media?parent=2891"}],"curies":[{"name":"wp","href":"https:\/\/api.w.org\/{rel}","templated":true}]}}