{"id":2852,"date":"2018-06-05T10:56:27","date_gmt":"2018-06-05T08:56:27","guid":{"rendered":"https:\/\/processingpartners.kinsta.cloud\/single-api-24-hour-integration\/"},"modified":"2020-06-10T08:47:44","modified_gmt":"2020-06-10T06:47:44","slug":"24-stunden-programmierschnittstellenintegration","status":"publish","type":"page","link":"https:\/\/processingpartners.com\/de\/24-stunden-programmierschnittstellenintegration\/","title":{"rendered":"24 Stunden Programmierschnittstellenintegration"},"content":{"rendered":"<p><div class=\"fusion-fullwidth fullwidth-box fusion-builder-row-1 nonhundred-percent-fullwidth non-hundred-percent-height-scrolling\" style=\"--awb-background-position:left top;--awb-border-radius-top-left:0px;--awb-border-radius-top-right:0px;--awb-border-radius-bottom-right:0px;--awb-border-radius-bottom-left:0px;--awb-padding-bottom:60px;--awb-margin-top:3%;--awb-margin-bottom:4%;--awb-border-sizes-top:0px;--awb-border-sizes-bottom:0px;--awb-flex-wrap:wrap;\" ><div class=\"fusion-builder-row fusion-row\"><div class=\"fusion-layout-column fusion_builder_column fusion-builder-column-0 fusion_builder_column_2_5 2_5 fusion-two-fifth fusion-column-first fusion-no-small-visibility fusion-no-medium-visibility\" style=\"--awb-padding-right:20px;--awb-padding-bottom:20px;--awb-padding-left:20px;--awb-bg-size:cover;--awb-margin-bottom:40px;width:37.6%; margin-right: 4%;\"><div class=\"fusion-column-wrapper fusion-flex-column-wrapper-legacy\"><div class=\"fusion-fa-align-left\"><i class=\"fb-icon-element-1 fb-icon-element fontawesome-icon fa-arrows-alt-h fas circle-no\" style=\"--awb-font-size:300px;--awb-margin-right:150px;\"><\/i><\/div><div class=\"fusion-clearfix\"><\/div><\/div><\/div><div class=\"fusion-layout-column fusion_builder_column fusion-builder-column-1 fusion_builder_column_3_5 3_5 fusion-three-fifth fusion-column-last\" style=\"--awb-bg-size:cover;--awb-margin-top:2%;width:58.4%;\"><div class=\"fusion-column-wrapper fusion-flex-column-wrapper-legacy\"><div class=\"fusion-column-content-centered\"><div class=\"fusion-column-content\"><div class=\"fusion-title title fusion-title-1 fusion-sep-none fusion-title-text fusion-title-size-two\"><h2 class=\"fusion-title-heading title-heading-left fusion-responsive-typography-calculated\" style=\"margin:0;--fontSize:48;line-height:1.3;\">Eine Programmierschnittstelle und ein Zahlungsdienstleister<\/h2><\/div><div class=\"fusion-sep-clear\"><\/div><div class=\"fusion-separator fusion-clearfix\" style=\"float:left;margin-top:0px;margin-bottom:35px;width:100%;max-width:100px;\"><div class=\"fusion-separator-border sep-single sep-solid\" style=\"--awb-height:20px;--awb-amount:20px;--awb-sep-color:#213d65;border-color:#213d65;border-top-width:2px;\"><\/div><\/div><div class=\"fusion-sep-clear\"><\/div><div class=\"fusion-text fusion-text-1\"><p>6 Gr\u00fcnde, warum es besser ist, mit einem einzigen Zahlungsdienstleister und einer einzigen Programmierschnittstelle zu arbeiten:<\/p>\n<h4>1. Minimieren Sie Kompatibilit\u00e4tsprobleme<\/h4>\n<p>Da Processing Partners seine Produkte speziell so designt, dass sie zusammen auf derselben Plattform arbeiten, ergeben sich einige Vorteile f\u00fcr den H\u00e4ndler. Beispielsweise kommt es nicht zu einer doppelten Dateneingabe. Daf\u00fcr gibt es aber mehr applikations\u00fcbergreifende Features und die Abwicklungsgeschwindigkeit ist ebenfalls h\u00f6her.<\/p>\n<h4>2. Erhalten Sie neue Features zu einem fr\u00fcheren Zeitpunkt<\/h4>\n<p>Dadurch, dass wir bereits alles \u00fcber unsere Plattform abwickeln, k\u00f6nnen Sie als unser Kunde auf eine bestehende Infrastruktur zugreifen. Deshalb k\u00f6nnen Sie unsere neusten Features und Applikationen schneller einsetzen \u2013 und zwar ohne all die vorangehenden Checks, die normalerweise notwendig sind, wenn Features hinzugef\u00fcgt werden.<\/p>\n<h4>3. Sparen Sie Zeit in der Beschaffungsphase<\/h4>\n<p>Wir alle tun es, aber nur wenige von uns haben wirklich Freude daran: Wir verbringen viel Zeit damit, Anbieter zu vergleichen, um letztlich den besten ausfindig zu machen. Wenn Sie jedes Mal einen Vergleich vornehmen m\u00fcssten, wenn Sie eine neue Applikation ben\u00f6tigen, w\u00e4re das viel zu zeitintensiv. Es ist also von Vorteil, einen qualifizierten Anbieter zu haben und bei diesem auch zu bleiben, wenn Sie zus\u00e4tzliche Software ben\u00f6tigen.<\/p>\n<h4>4. Processing Partners \u00fcbernimmt mehr Verantwortung<\/h4>\n<p>Wenn Sie mit einem einzigen Anbieter arbeiten, machen Sie sich das Leben leichter. Denn wenn Sie sich in einem Umfeld mit mehreren Anbietern bewegen, m\u00fcssen Sie wahrscheinlich von einem zum n\u00e4chsten laufen, um ein einziges Problem zu beheben \u2013 wobei jeder Anbieter dem anderen die Schuld geben wird. Mit Processing Partners sparen Sie sich dieses nervenaufreibende Prozedere. Wir l\u00f6sen jedes Ihrer Probleme.<\/p>\n<h4>5. Mit uns ist alles einfacher<\/h4>\n<p>Ein Kontakt, ein Ansprechpartner, eine Telefonnummer, eine Rechnung \u2013 es ist schlichtweg einfacher, nur mit einem Partner zu arbeiten.<\/p>\n<h4>6. Schneller Einsatz und Mitarbeitertraining<\/h4>\n<p>Auf unserer Plattform ist die Art der Bedienung bei allen Features und Applikationen gleich. Diese \u00e4hnliche Handhabung und Funktionalit\u00e4t f\u00fchrt dazu, dass neue Features und Applikationen einfach eingesetzt werden k\u00f6nnen und Mitarbeiter keine intensive Einarbeitung ben\u00f6tigen, um die Software zu bedienen.<\/p>\n<\/div><\/div><\/div><div class=\"fusion-clearfix\"><\/div><\/div><\/div><\/div><\/div><div class=\"fusion-bg-parallax\" data-bg-align=\"center center\" data-direction=\"up\" data-mute=\"false\" data-opacity=\"100\" data-velocity=\"-0.3\" data-mobile-enabled=\"false\" data-break_parents=\"0\" data-bg-image=\"https:\/\/processingpartners.kinsta.cloud\/wp-content\/uploads\/2018\/02\/ready_to_talk_cta_bg.jpg\" data-bg-repeat=\"false\" ><\/div><div class=\"fusion-fullwidth fullwidth-box fusion-builder-row-2 fusion-flex-container has-pattern-background has-mask-background fusion-parallax-up nonhundred-percent-fullwidth non-hundred-percent-height-scrolling\" style=\"--awb-border-sizes-top:0px;--awb-border-sizes-bottom:0px;--awb-border-sizes-left:0px;--awb-border-sizes-right:0px;--awb-border-radius-top-left:0px;--awb-border-radius-top-right:0px;--awb-border-radius-bottom-right:0px;--awb-border-radius-bottom-left:0px;--awb-padding-top:110px;--awb-padding-bottom:110px;--awb-background-image:url(&quot;https:\/\/processingpartners.kinsta.cloud\/wp-content\/uploads\/2018\/02\/ready_to_talk_cta_bg.jpg&quot;);--awb-background-size:cover;--awb-flex-wrap:wrap;\" ><div class=\"fusion-builder-row fusion-row fusion-flex-align-items-flex-start fusion-flex-justify-content-center fusion-flex-content-wrap\" style=\"max-width:1216.8px;margin-left: calc(-4% \/ 2 );margin-right: calc(-4% \/ 2 );\"><div class=\"fusion-layout-column fusion_builder_column fusion-builder-column-2 fusion_builder_column_2_3 2_3 fusion-flex-column\" style=\"--awb-bg-blend:overlay;--awb-bg-size:cover;--awb-width-large:66.666666666667%;--awb-margin-top-large:3%;--awb-spacing-right-large:2.88%;--awb-margin-bottom-large:3%;--awb-spacing-left-large:2.88%;--awb-width-medium:100%;--awb-spacing-right-medium:1.92%;--awb-spacing-left-medium:1.92%;--awb-width-small:100%;--awb-spacing-right-small:1.92%;--awb-spacing-left-small:1.92%;\"><div class=\"fusion-column-wrapper fusion-flex-justify-content-flex-start fusion-content-layout-column\"><div class=\"fusion-text fusion-text-2\"><h2 style=\"text-align: center; font-size: 72px; color: #ffffff;\">Ready to talk?<\/h2>\n<\/div><div class=\"fusion-text fusion-text-3\"><h4 style=\"text-align: center; color: #9aa2ac; font-size: 22px;\">Interested in risk-free state-of-the-art one-source global payment\u00a0solutions?<\/h4>\n<\/div><div class=\"fusion-separator fusion-full-width-sep\" style=\"align-self: center;margin-left: auto;margin-right: auto;margin-top:20px;width:100%;\"><\/div><div style=\"text-align:center;\"><a class=\"fusion-button button-flat fusion-button-default-size button-default fusion-button-default button-1 fusion-button-default-span fusion-button-default-type\" target=\"_self\" href=\"https:\/\/processingpartners.kinsta.cloud\/de\/kontakt\/#form\"><span class=\"fusion-button-text awb-button__text awb-button__text--default\">Let\u2019s Talk<\/span><\/a><\/div><\/div><\/div><\/div><\/div>\n<\/p>\n","protected":false},"excerpt":{"rendered":"","protected":false},"author":1,"featured_media":0,"parent":0,"menu_order":0,"comment_status":"closed","ping_status":"closed","template":"100-width.php","meta":{"_acf_changed":false,"footnotes":""},"class_list":["post-2852","page","type-page","status-publish","hentry"],"acf":[],"yoast_head":"<!-- This site is optimized with the Yoast SEO plugin v27.3 - https:\/\/yoast.com\/product\/yoast-seo-wordpress\/ -->\n<title>24 Stunden Programmierschnittstellenintegration - Processing Partners<\/title>\n<meta name=\"description\" content=\"Take advantage of the world&#039;s largest payment gateways. Connect to 400+ bank acquirer \/ 250+ alternative billing methods via one single API integration.\" \/>\n<meta name=\"robots\" content=\"index, follow, max-snippet:-1, max-image-preview:large, max-video-preview:-1\" \/>\n<link rel=\"canonical\" href=\"https:\/\/processingpartners.com\/de\/24-stunden-programmierschnittstellenintegration\/\" \/>\n<meta property=\"og:locale\" content=\"de_DE\" \/>\n<meta property=\"og:type\" content=\"article\" \/>\n<meta property=\"og:title\" content=\"24 Stunden Programmierschnittstellenintegration - Processing Partners\" \/>\n<meta property=\"og:description\" content=\"Take advantage of the world&#039;s largest payment gateways. Connect to 400+ bank acquirer \/ 250+ alternative billing methods via one single API integration.\" \/>\n<meta property=\"og:url\" content=\"https:\/\/processingpartners.com\/de\/24-stunden-programmierschnittstellenintegration\/\" \/>\n<meta property=\"og:site_name\" content=\"Processing Partners\" \/>\n<meta property=\"article:publisher\" content=\"https:\/\/www.facebook.com\/processingpartners\/\" \/>\n<meta property=\"article:modified_time\" content=\"2020-06-10T06:47:44+00:00\" \/>\n<meta name=\"twitter:card\" content=\"summary_large_image\" \/>\n<meta name=\"twitter:label1\" content=\"Gesch\u00e4tzte Lesezeit\" \/>\n\t<meta name=\"twitter:data1\" content=\"4\u00a0Minuten\" \/>\n<script type=\"application\/ld+json\" class=\"yoast-schema-graph\">{\"@context\":\"https:\\\/\\\/schema.org\",\"@graph\":[{\"@type\":\"WebPage\",\"@id\":\"https:\\\/\\\/processingpartners.com\\\/de\\\/24-stunden-programmierschnittstellenintegration\\\/\",\"url\":\"https:\\\/\\\/processingpartners.com\\\/de\\\/24-stunden-programmierschnittstellenintegration\\\/\",\"name\":\"24 Stunden Programmierschnittstellenintegration - Processing Partners\",\"isPartOf\":{\"@id\":\"https:\\\/\\\/processingpartners.com\\\/de\\\/#website\"},\"datePublished\":\"2018-06-05T08:56:27+00:00\",\"dateModified\":\"2020-06-10T06:47:44+00:00\",\"description\":\"Take advantage of the world's largest payment gateways. Connect to 400+ bank acquirer \\\/ 250+ alternative billing methods via one single API integration.\",\"breadcrumb\":{\"@id\":\"https:\\\/\\\/processingpartners.com\\\/de\\\/24-stunden-programmierschnittstellenintegration\\\/#breadcrumb\"},\"inLanguage\":\"de\",\"potentialAction\":[{\"@type\":\"ReadAction\",\"target\":[\"https:\\\/\\\/processingpartners.com\\\/de\\\/24-stunden-programmierschnittstellenintegration\\\/\"]}]},{\"@type\":\"BreadcrumbList\",\"@id\":\"https:\\\/\\\/processingpartners.com\\\/de\\\/24-stunden-programmierschnittstellenintegration\\\/#breadcrumb\",\"itemListElement\":[{\"@type\":\"ListItem\",\"position\":1,\"name\":\"Startseite\",\"item\":\"https:\\\/\\\/processingpartners.com\\\/de\\\/\"},{\"@type\":\"ListItem\",\"position\":2,\"name\":\"24 Stunden Programmierschnittstellenintegration\"}]},{\"@type\":\"WebSite\",\"@id\":\"https:\\\/\\\/processingpartners.com\\\/de\\\/#website\",\"url\":\"https:\\\/\\\/processingpartners.com\\\/de\\\/\",\"name\":\"Processing Partners\",\"description\":\"\",\"publisher\":{\"@id\":\"https:\\\/\\\/processingpartners.com\\\/de\\\/#organization\"},\"potentialAction\":[{\"@type\":\"SearchAction\",\"target\":{\"@type\":\"EntryPoint\",\"urlTemplate\":\"https:\\\/\\\/processingpartners.com\\\/de\\\/?s={search_term_string}\"},\"query-input\":{\"@type\":\"PropertyValueSpecification\",\"valueRequired\":true,\"valueName\":\"search_term_string\"}}],\"inLanguage\":\"de\"},{\"@type\":\"Organization\",\"@id\":\"https:\\\/\\\/processingpartners.com\\\/de\\\/#organization\",\"name\":\"Processing Partners Inc.\",\"url\":\"https:\\\/\\\/processingpartners.com\\\/de\\\/\",\"logo\":{\"@type\":\"ImageObject\",\"inLanguage\":\"de\",\"@id\":\"https:\\\/\\\/processingpartners.com\\\/de\\\/#\\\/schema\\\/logo\\\/image\\\/\",\"url\":\"https:\\\/\\\/processingpartners.kinsta.cloud\\\/wp-content\\\/uploads\\\/2023\\\/09\\\/processing-partners-logo.svg\",\"contentUrl\":\"https:\\\/\\\/processingpartners.kinsta.cloud\\\/wp-content\\\/uploads\\\/2023\\\/09\\\/processing-partners-logo.svg\",\"width\":296,\"height\":58,\"caption\":\"Processing Partners Inc.\"},\"image\":{\"@id\":\"https:\\\/\\\/processingpartners.com\\\/de\\\/#\\\/schema\\\/logo\\\/image\\\/\"},\"sameAs\":[\"https:\\\/\\\/www.facebook.com\\\/processingpartners\\\/\"]}]}<\/script>\n<!-- \/ Yoast SEO plugin. -->","yoast_head_json":{"title":"24 Stunden Programmierschnittstellenintegration - Processing Partners","description":"Take advantage of the world's largest payment gateways. Connect to 400+ bank acquirer \/ 250+ alternative billing methods via one single API integration.","robots":{"index":"index","follow":"follow","max-snippet":"max-snippet:-1","max-image-preview":"max-image-preview:large","max-video-preview":"max-video-preview:-1"},"canonical":"https:\/\/processingpartners.com\/de\/24-stunden-programmierschnittstellenintegration\/","og_locale":"de_DE","og_type":"article","og_title":"24 Stunden Programmierschnittstellenintegration - Processing Partners","og_description":"Take advantage of the world's largest payment gateways. Connect to 400+ bank acquirer \/ 250+ alternative billing methods via one single API integration.","og_url":"https:\/\/processingpartners.com\/de\/24-stunden-programmierschnittstellenintegration\/","og_site_name":"Processing Partners","article_publisher":"https:\/\/www.facebook.com\/processingpartners\/","article_modified_time":"2020-06-10T06:47:44+00:00","twitter_card":"summary_large_image","twitter_misc":{"Gesch\u00e4tzte Lesezeit":"4\u00a0Minuten"},"schema":{"@context":"https:\/\/schema.org","@graph":[{"@type":"WebPage","@id":"https:\/\/processingpartners.com\/de\/24-stunden-programmierschnittstellenintegration\/","url":"https:\/\/processingpartners.com\/de\/24-stunden-programmierschnittstellenintegration\/","name":"24 Stunden Programmierschnittstellenintegration - Processing Partners","isPartOf":{"@id":"https:\/\/processingpartners.com\/de\/#website"},"datePublished":"2018-06-05T08:56:27+00:00","dateModified":"2020-06-10T06:47:44+00:00","description":"Take advantage of the world's largest payment gateways. Connect to 400+ bank acquirer \/ 250+ alternative billing methods via one single API integration.","breadcrumb":{"@id":"https:\/\/processingpartners.com\/de\/24-stunden-programmierschnittstellenintegration\/#breadcrumb"},"inLanguage":"de","potentialAction":[{"@type":"ReadAction","target":["https:\/\/processingpartners.com\/de\/24-stunden-programmierschnittstellenintegration\/"]}]},{"@type":"BreadcrumbList","@id":"https:\/\/processingpartners.com\/de\/24-stunden-programmierschnittstellenintegration\/#breadcrumb","itemListElement":[{"@type":"ListItem","position":1,"name":"Startseite","item":"https:\/\/processingpartners.com\/de\/"},{"@type":"ListItem","position":2,"name":"24 Stunden Programmierschnittstellenintegration"}]},{"@type":"WebSite","@id":"https:\/\/processingpartners.com\/de\/#website","url":"https:\/\/processingpartners.com\/de\/","name":"Processing Partners","description":"","publisher":{"@id":"https:\/\/processingpartners.com\/de\/#organization"},"potentialAction":[{"@type":"SearchAction","target":{"@type":"EntryPoint","urlTemplate":"https:\/\/processingpartners.com\/de\/?s={search_term_string}"},"query-input":{"@type":"PropertyValueSpecification","valueRequired":true,"valueName":"search_term_string"}}],"inLanguage":"de"},{"@type":"Organization","@id":"https:\/\/processingpartners.com\/de\/#organization","name":"Processing Partners Inc.","url":"https:\/\/processingpartners.com\/de\/","logo":{"@type":"ImageObject","inLanguage":"de","@id":"https:\/\/processingpartners.com\/de\/#\/schema\/logo\/image\/","url":"https:\/\/processingpartners.kinsta.cloud\/wp-content\/uploads\/2023\/09\/processing-partners-logo.svg","contentUrl":"https:\/\/processingpartners.kinsta.cloud\/wp-content\/uploads\/2023\/09\/processing-partners-logo.svg","width":296,"height":58,"caption":"Processing Partners Inc."},"image":{"@id":"https:\/\/processingpartners.com\/de\/#\/schema\/logo\/image\/"},"sameAs":["https:\/\/www.facebook.com\/processingpartners\/"]}]}},"_links":{"self":[{"href":"https:\/\/processingpartners.com\/de\/wp-json\/wp\/v2\/pages\/2852","targetHints":{"allow":["GET"]}}],"collection":[{"href":"https:\/\/processingpartners.com\/de\/wp-json\/wp\/v2\/pages"}],"about":[{"href":"https:\/\/processingpartners.com\/de\/wp-json\/wp\/v2\/types\/page"}],"author":[{"embeddable":true,"href":"https:\/\/processingpartners.com\/de\/wp-json\/wp\/v2\/users\/1"}],"replies":[{"embeddable":true,"href":"https:\/\/processingpartners.com\/de\/wp-json\/wp\/v2\/comments?post=2852"}],"version-history":[{"count":5,"href":"https:\/\/processingpartners.com\/de\/wp-json\/wp\/v2\/pages\/2852\/revisions"}],"predecessor-version":[{"id":3189,"href":"https:\/\/processingpartners.com\/de\/wp-json\/wp\/v2\/pages\/2852\/revisions\/3189"}],"wp:attachment":[{"href":"https:\/\/processingpartners.com\/de\/wp-json\/wp\/v2\/media?parent=2852"}],"curies":[{"name":"wp","href":"https:\/\/api.w.org\/{rel}","templated":true}]}}